{"id":11115,"date":"2018-04-09T10:33:21","date_gmt":"2018-06-07T08:33:21","guid":{"rendered":"https:\/\/www.nubeocho.com?post_type=product&#038;p=11115"},"modified":"2022-03-01T10:18:37","modified_gmt":"2022-03-01T09:18:37","slug":"gilda-pecora-gigante-ita","status":"publish","type":"product","link":"https:\/\/www.nubeocho.com\/it\/prodotto\/gilda-pecora-gigante-ita\/","title":{"rendered":"Gilda, la pecora gigante"},"content":{"rendered":"<p>Gilda, la pecora gigante, vive con ventipastori. D\u00e0cos\u00ec tanto latte e cos\u00ec tanta lana che un giorno i pastori si stancano di lavorare e decidono di disfarsene. Gilda scappa verso la grande citt\u00e0, dovevivr\u00e0un\u2019incredibileavventura. Riuscir\u00e0 a trovare una nuova casa?<\/p>\n","protected":false},"excerpt":{"rendered":"<p>\u00c8 il 25\u00b0 anniversario di <em>Gilda, la pecora gigante<\/em>! Per l\u2019occasione, il testo e le illustrazi onisono statirivisti e migliorati dal suo autore, Emilio Urberuaga.<\/p>\n","protected":false},"featured_media":7228,"template":"","meta":[],"product_brand":[],"product_cat":[761,733],"product_tag":[1603,1616],"class_list":{"0":"post-11115","1":"product","2":"type-product","3":"status-publish","4":"has-post-thumbnail","6":"colecciones-collana-siamo8-it","7":"edades-4-it","8":"product_cat-albo-illustrato","9":"product_cat-catalogo-it","10":"product_tag-amicizia-it-2","11":"product_tag-diversita-it","13":"first","14":"instock","15":"product-type-simple"},"acf":[],"_links":{"self":[{"href":"https:\/\/www.nubeocho.com\/it\/wp-json\/wp\/v2\/product\/11115","targetHints":{"allow":["GET"]}}],"collection":[{"href":"https:\/\/www.nubeocho.com\/it\/wp-json\/wp\/v2\/product"}],"about":[{"href":"https:\/\/www.nubeocho.com\/it\/wp-json\/wp\/v2\/types\/product"}],"wp:featuredmedia":[{"embeddable":true,"href":"https:\/\/www.nubeocho.com\/it\/wp-json\/wp\/v2\/media\/7228"}],"wp:attachment":[{"href":"https:\/\/www.nubeocho.com\/it\/wp-json\/wp\/v2\/media?parent=11115"}],"wp:term":[{"taxonomy":"product_brand","embeddable":true,"href":"https:\/\/www.nubeocho.com\/it\/wp-json\/wp\/v2\/product_brand?post=11115"},{"taxonomy":"product_cat","embeddable":true,"href":"https:\/\/www.nubeocho.com\/it\/wp-json\/wp\/v2\/product_cat?post=11115"},{"taxonomy":"product_tag","embeddable":true,"href":"https:\/\/www.nubeocho.com\/it\/wp-json\/wp\/v2\/product_tag?post=11115"}],"curies":[{"name":"wp","href":"https:\/\/api.w.org\/{rel}","templated":true}]}}