{"id":11085,"date":"2018-09-10T10:32:48","date_gmt":"2019-03-21T09:32:48","guid":{"rendered":"https:\/\/www.nubeocho.comproducto\/dito-nel-naso-ita\/"},"modified":"2023-01-25T07:57:21","modified_gmt":"2023-01-25T06:57:21","slug":"dito-nel-naso-ita","status":"publish","type":"product","link":"https:\/\/www.nubeocho.com\/it\/prodotto\/dito-nel-naso-ita\/","title":{"rendered":"Con il dito nel naso"},"content":{"rendered":"<p>A Sofia le \u00e8 cresciuto il naso! Glielo avevano detto i suoi genitori, ma la nostra amica non vuole proprio finirla di mettersi il dito nel naso. Cos\u00ec, il suo dito ha deciso di arredarlo e farci una bella casetta accogliente: un salone, una cucina con men\u00f9 degustazione\u2026<\/p>\n","protected":false},"excerpt":{"rendered":"<p>Mettersi il dito nel naso pu\u00f2 avere effetti collaterali. Una storia divertentissima di Paula Merl\u00e1n e G\u00f3mez.<\/p>\n","protected":false},"featured_media":7009,"template":"","meta":[],"product_brand":[],"product_cat":[761,733],"product_tag":[1625,1628,1631,1634],"class_list":{"0":"post-11085","1":"product","2":"type-product","3":"status-publish","4":"has-post-thumbnail","6":"colecciones-collana-siamo8-it","7":"edades-3-ita","8":"product_cat-albo-illustrato","9":"product_cat-catalogo-it","10":"product_tag-escatologico-it","11":"product_tag-famiglia-it","12":"product_tag-grandi-successi-bestseller-it","13":"product_tag-umorismo-it","15":"first","16":"instock","17":"product-type-simple"},"acf":[],"_links":{"self":[{"href":"https:\/\/www.nubeocho.com\/it\/wp-json\/wp\/v2\/product\/11085","targetHints":{"allow":["GET"]}}],"collection":[{"href":"https:\/\/www.nubeocho.com\/it\/wp-json\/wp\/v2\/product"}],"about":[{"href":"https:\/\/www.nubeocho.com\/it\/wp-json\/wp\/v2\/types\/product"}],"wp:featuredmedia":[{"embeddable":true,"href":"https:\/\/www.nubeocho.com\/it\/wp-json\/wp\/v2\/media\/7009"}],"wp:attachment":[{"href":"https:\/\/www.nubeocho.com\/it\/wp-json\/wp\/v2\/media?parent=11085"}],"wp:term":[{"taxonomy":"product_brand","embeddable":true,"href":"https:\/\/www.nubeocho.com\/it\/wp-json\/wp\/v2\/product_brand?post=11085"},{"taxonomy":"product_cat","embeddable":true,"href":"https:\/\/www.nubeocho.com\/it\/wp-json\/wp\/v2\/product_cat?post=11085"},{"taxonomy":"product_tag","embeddable":true,"href":"https:\/\/www.nubeocho.com\/it\/wp-json\/wp\/v2\/product_tag?post=11085"}],"curies":[{"name":"wp","href":"https:\/\/api.w.org\/{rel}","templated":true}]}}