{"id":11849,"date":"2020-09-09T15:00:14","date_gmt":"2020-09-09T13:00:14","guid":{"rendered":"https:\/\/www.nubeocho.comterminos-y-condiciones\/"},"modified":"2021-07-30T11:06:30","modified_gmt":"2021-07-30T09:06:30","slug":"terminos-y-condiciones","status":"publish","type":"page","link":"https:\/\/www.nubeocho.com\/it\/terminos-y-condiciones\/","title":{"rendered":"T\u00e9rminos y condiciones"},"content":{"rendered":"<p>Las presentes Condiciones Generales de Contrataci\u00f3n (en adelante CONDICIONES) regulan las condiciones de compra de los diferentes productos y\/o servicios ofrecidos por PLANET 8 GROUP SL a trav\u00e9s de su website www.nubeocho.com propiedad de la misma (en adelante LA EMPRESA), sociedad espa\u00f1ola, con CIF B87537916, y con domicilio en CALLE GRAN VIA 69, 4\u00ba 413 (MADRID).<\/p>\n<p>La contrataci\u00f3n a trav\u00e9s de LA WEB implica la plena aceptaci\u00f3n de las presentes CONDICIONES y quedaran vinculados por estas, por lo cual ser\u00e1 requisito indispensable la lectura y la aceptaci\u00f3n de las CONDICIONES, con car\u00e1cter previo a la compra y\/o contrataci\u00f3n de cualquier producto o curso a trav\u00e9s de LA WEB.<\/p>\n<p>LA EMPRESA se reserva el derecho de modificar las CONDICIONES en cualquier momento y sin previo aviso.<\/p>\n<p>Las CONDICIONES estar\u00e1n siempre accesibles en LA WEB, para que el usuario pueda consultarlas o imprimirlas en cualquier momento.<\/p>\n<p>Los precios y condiciones de contrataci\u00f3n tienen un car\u00e1cter meramente informativo y pueden ser modificados en atenci\u00f3n a las fluctuaciones del mercado. No obstante, la realizaci\u00f3n del pedido mediante la cumplimentaci\u00f3n del formulario de compra, implica la conformidad con el precio ofertado y con las condiciones generales de contrataci\u00f3n vigentes en ese concreto momento.<\/p>\n<p>Formalizada la contrataci\u00f3n del curso, se entender\u00e1 perfeccionada la compra de pleno derecho, con todas las garant\u00edas legales que amparan al consumidor adquirente y, desde ese instante, los precios y condiciones tendr\u00e1n car\u00e1cter contractual y no podr\u00e1n ser modificados sin el expreso acuerdo de ambos contratantes.<\/p>\n<p>LA EMPRESA se reserva el derecho de denegar y\/o suspender el acceso a los servicios prestados en LA WEB por razones de vulneraci\u00f3n de la buena fe contractual, incumplimiento de la legislaci\u00f3n de aplicaci\u00f3n, de las presentes CONDICIONES y\/o en supuestos de fraude detectados por esta empresa y\/o cualquiera de sus proveedores<\/p>\n<p><strong>CONDICIONES<\/strong><\/p>\n<p><strong>A. PRODUCTO<\/strong><br \/>\nPLANET 8 GROUP S.L. ofrece mediante su website la contrataci\u00f3n de una amplia variedad de productos y\/o servicios, que podr\u00e1n tener distribuci\u00f3n a todos los pa\u00edses miembros, as\u00ed como a pa\u00edses del continente americano.<\/p>\n<p><strong>B. PRECIO<\/strong><br \/>\nEl precio depender\u00e1 del producto elegido por el usuario. Son precios meramente informativos, puesto que los mismos pueden verse modificados en atenci\u00f3n a las fluctuaciones del mercado. No obstante, la realizaci\u00f3n del pedido mediante la cumplimentaci\u00f3n del formulario de compra, implica la conformidad con el precio ofertado.<\/p>\n<p><strong>C. PAGO<\/strong><br \/>\nEn este apartado se especifican todas las formas de pago aceptadas en el proceso de compra.<\/p>\n<p>&#8211; <strong>PayPal:<\/strong> Paga como quieras. Asocia tus tarjetas de cr\u00e9dito a tu cuenta PayPal y, cuando quieras pagar, simplemente inicia sesi\u00f3n con tu correo electr\u00f3nico y contrase\u00f1a y elige la tarjeta que deseas usar para hacer el pago. PayPal es un m\u00e9todo de pago r\u00e1pido, f\u00e1cil y seguro. Con PayPal podr\u00e1s pagar en solo unos clics.3<\/p>\n<p>&#8211; <strong>Tarjeta de cr\u00e9dito o d\u00e9bito (Stripe):<\/strong> esta forma de pago es inmediata, c\u00f3moda y segura. Al finalizar el pedido podr\u00e1s realizar el pago en la p\u00e1gina del banco.<br \/>\nNosotros no recibimos esos datos ni tendremos acceso a ellos. Puedes asociar tantas tarjetas como quieras para realizar pedidos m\u00e1s r\u00e1pido. Por seguridad, el banco te enviar\u00e1 un c\u00f3digo al m\u00f3vil para finalizar el pago.<\/p>\n<p>&#8211; <strong>Transferencia bancaria<\/strong>: puedes realizar una transferencia o ingreso en cuenta en cualquiera de nuestras cuentas:<br \/>\nLa Caixa: ES97 2100 1579 8602 0034 8998 SWIFT\/BIC: CAIXESBBXXX<\/p>\n<p>Indicar como concepto el n\u00famero del pedido. Enviaremos el pedido tras la confirmaci\u00f3n del pago.<br \/>\nLas transferencias desde entidades distintas pueden tardar hasta dos d\u00edas laborales en llegar (sin contar fines de semana y festivos). Un pedido realizado mediante transferencia bancaria estar\u00e1 activo durante 15 d\u00edas, una vez finalizado el plazo, si no se ha confirmado el pago, el pedido se anular\u00e1 autom\u00e1ticamente.<\/p>\n<p><strong>D. DESESTIMIENTO<\/strong><\/p>\n<p>Conforme a la legislaci\u00f3n vigente, se puede proceder dejar sin efecto el contrato celebrado, sin necesidad de justificar tal decisi\u00f3n y sin penalizaci\u00f3n de ninguna clase, en un plazo de 14 d\u00edas naturales desde la recepci\u00f3n de la mercanc\u00eda por el cliente. Para ello se deben cumplir las condiciones expuestas en el documento &#8220;formulario de desistimiento&#8221;.<\/p>\n<p>El consumidor s\u00f3lo ser\u00e1 responsable de la disminuci\u00f3n de valor de los bienes resultantes de una manipulaci\u00f3n de los mismos distinta a la necesaria para establecer su naturaleza, sus caracter\u00edsticas o su funcionamiento.<\/p>\n<p>El derecho de desistimiento no ser\u00e1 aplicable a los contratos que se refieran a:<\/p>\n<p>-La prestaci\u00f3n de servicios, una vez que el servicio haya sido completamente ejecutado, cuando la ejecuci\u00f3n haya comenzado, con previo consentimiento expreso del consumidor y usuario y con el reconocimiento por su parte de que es consciente de que, una vez que el contrato haya sido completamente ejecutado por el empresario, habr\u00e1 perdido su derecho de desistimiento.<\/p>\n<p>&#8211; El suministro de bienes o la prestaci\u00f3n de servicios cuyo precio dependa de fluctuaciones del mercado financiero que el empresario no pueda controlar y que puedan producirse durante el periodo de desistimiento.<\/p>\n<p>&#8211; El suministro de bienes confeccionados conforme a las especificaciones del consumidor y usuario o claramente personalizados.<\/p>\n<p>&#8211; El suministro de bienes que puedan deteriorarse o caducar con rapidez.<\/p>\n<p>&#8211; El suministro de bienes precintados que no sean aptos para ser devueltos por razones de protecci\u00f3n de la salud o de higiene y que hayan sido desprecintados tras la entrega.<\/p>\n<p>&#8211; El suministro de bienes que despu\u00e9s de su entrega y teniendo en cuenta su naturaleza se hayan mezclado de forma indisociable con otros bienes.<\/p>\n<p>&#8211; El suministro de bebidas alcoh\u00f3licas cuyo precio haya sido acordado en el momento de celebrar el contrato de venta y que no puedan ser entregadas antes de 30 d\u00edas, y cuyo valor real dependa de fluctuaciones del mercado que el empresario no pueda controlar.<\/p>\n<p>&#8211; Los contratos en los que el consumidor y usuario haya solicitado espec\u00edficamente al empresario que le visite para efectuar operaciones de reparaci\u00f3n o mantenimiento urgente; si, en esa visita, el empresario presta servicios adicionales a los solicitados espec\u00edficamente por el consumidor o suministra bienes distintos de las piezas de recambio utilizadas necesariamente para efectuar las operaciones de mantenimiento o reparaci\u00f3n, el derecho de desistimiento debe aplicarse a dichos servicios o bienes adicionales.<\/p>\n<p>&#8211; El suministro de grabaciones sonoras o de v\u00eddeo precintadas o de programas inform\u00e1ticos precintados que hayan sido desprecintados por el consumidor y usuario despu\u00e9s de la entrega.<\/p>\n<p>&#8211; El suministro de prensa diaria, publicaciones peri\u00f3dicas o revistas, con la excepci\u00f3n de los contratos de suscripci\u00f3n para el suministro de tales publicaciones.<\/p>\n<p>&#8211; Los contratos celebrados mediante subastas p\u00fablicas.<\/p>\n<p>&#8211; El suministro de servicios de alojamiento para fines distintos del de servir de vivienda, transporte de bienes, alquiler de veh\u00edculos, comida o servicios relacionados con actividades de esparcimiento, si los contratos prev\u00e9n una fecha o un periodo de ejecuci\u00f3n espec\u00edficos.<\/p>\n<p>&#8211; El suministro de contenido digital que no se preste en un soporte material cuando la ejecuci\u00f3n haya comenzado con el previo consentimiento expreso del consumidor y usuario con el conocimiento por su parte de que en consecuencia pierde su derecho de desistimiento.<\/p>\n<p>Una vez recibamos el\/los producto\/s, le devolveremos el dinero seg\u00fan la forma de pago que haya utilizado: Si pagaste con tarjeta, el abono lo realizaremos en tu cuenta en un plazo de 48 a 72 horas.<\/p>\n<p>Si pagaste por Paypal, el abono lo realizaremos en tu cuenta Paypal.<\/p>\n<p>Si pagaste por financiaci\u00f3n, procederemos a realizar una cancelaci\u00f3n total o parcial de la cantidad financiada seg\u00fan el caso.<\/p>\n<p>Para el resto de las formas de pago, te solicitaremos un n\u00famero de cuenta para hacerte el abono. S\u00f3lo ser\u00e1s responsable de la disminuci\u00f3n de valor de los bienes resultante de una manipulaci\u00f3n de los mismos distinta a la necesaria para establecer su naturaleza, sus caracter\u00edsticas o su funcionamiento.<\/p>\n<p><strong>E. CONDICIONES DE DEVOLUCI\u00d3N<\/strong><\/p>\n<p>El USUARIO contar\u00e1 con un plazo de 20 d\u00edas naturales para cualquier devoluci\u00f3n, plazo a contar desde el momento de la recepci\u00f3n del producto. Asimismo, este plazo estar\u00e1 sujeto a los supuestos indicados por la Ley General de Consumidores y Usuarios.<\/p>\n<p>No se aceptar\u00e1n devoluciones de los siguientes productos, tal y como establece el Real Decreto Legislativo 1\/2007, de 16 de noviembre, por el que se aprueba el texto refundido de la Ley General para la Defensa de los Consumidores y Usuarios y otras leyes complementarias:<\/p>\n<p>-La prestaci\u00f3n de servicios, una vez que el servicio haya sido completamente ejecutado, cuando la ejecuci\u00f3n haya comenzado, con previo consentimiento expreso del consumidor y usuario y con el reconocimiento por su parte de que es consciente de que, una vez que el contrato haya sido completamente ejecutado por el empresario, habr\u00e1 perdido su derecho de desistimiento.<\/p>\n<p>&#8211; El suministro de bienes o la prestaci\u00f3n de servicios cuyo precio dependa de fluctuaciones del mercado financiero que el empresario no pueda controlar y que puedan producirse durante el periodo de desistimiento.<\/p>\n<p>-El suministro de bienes personalizados conforme a las indicaciones de consumidores y usuarios.<\/p>\n<p>-El suministro de bienes que puedan deteriorarse o caducar con rapidez.<\/p>\n<p>-El suministro de bienes precintados que no sean aptos para ser devueltos por razones de protecci\u00f3n de la salud o de higiene y que hayan sido desprecintados o manipulados tras la entrega.<\/p>\n<p>&#8211; El suministro de bienes que despu\u00e9s de su entrega y teniendo en cuenta su naturaleza se hayan mezclado de forma indisociable con otros bienes.<\/p>\n<p>&#8211; El suministro de grabaciones sonoras o de v\u00eddeo precintadas o de programas inform\u00e1ticos precintados que hayan sido desprecintados por el consumidor y usuario despu\u00e9s de la entrega.<\/p>\n<p>&#8211; El suministro de contenido digital que no se preste en un soporte material cuando la ejecuci\u00f3n haya comenzado con el previo consentimiento expreso del consumidor y usuario con el conocimiento por su parte de que en consecuencia pierde su derecho de desistimiento.<\/p>\n<p>Adem\u00e1s, para realizar la gesti\u00f3n de devoluci\u00f3n, ha de tener en cuenta lo siguiente:<\/p>\n<p>Toda mercanc\u00eda debe ser devuelta en su embalaje y condiciones originales, en perfecto estado y protegida, evitando pegatinas, precintos o cintas adhesivas directamente sobre la superficie o embalaje del art\u00edculo. En caso contrario, LA EMPRESA se reserva el derecho de rechazar la devoluci\u00f3n.<\/p>\n<p>Una vez solicitada la devoluci\u00f3n recibir\u00e1s en tu correo electr\u00f3nico las instrucciones para que nos lo hagas llegar a nuestras instalaciones. Deber\u00e1s enviar los bienes sin ninguna demora, en un plazo m\u00e1ximo de 14 d\u00edas desde que nos comuniques tu deseo de ejercer el derecho.<\/p>\n<p>Los gastos de transporte originados por la devoluci\u00f3n correr\u00e1n a tu cargo. Eres libre de elegir y buscar la agencia que m\u00e1s se adapte a tus necesidades o solicitar una recogida por parte de LA EMPRESA a cargo del cliente.<\/p>\n<p>Una vez recibida la mercanc\u00eda y comprobada que est\u00e1 en perfectas condiciones, se tramitar\u00e1 la devoluci\u00f3n del importe. Te devolveremos el pago recibido por tu parte del art\u00edculo devuelto, descontando en este caso los gastos de env\u00edo iniciales y de la recogida si se diera el caso. Te realizaremos el abono en un plazo m\u00e1ximo de 14 d\u00edas naturales desde que ejerzas tu derecho de desistimiento. Hasta que no hayamos recibido los bienes podremos retener el reembolso.<\/p>\n<p>Si realizas la devoluci\u00f3n de productos con regalo o promoci\u00f3n, ser\u00e1 obligatorio la devoluci\u00f3n completa (pack completo o art\u00edculo + regalo) para poder proceder al reembolso.<\/p>\n<p><strong>F. CUPONES DE DESCUENTO<\/strong><\/p>\n<p>Tendremos posibilidad de aplicar cupones de descuentos para clientes habituales. Promociones que ser\u00e1n indicadas por los medios electr\u00f3nicos necesarios.<\/p>\n<p>G. Datos Personales<br \/>\nLos datos personales recogidos en las acciones promocionales se regir\u00e1n por lo establecido en el apartado &#8220;Pol\u00edtica de Privacidad&#8221; de LA WEB.<\/p>\n<p>H. Ley aplicable y jurisdicci\u00f3n<br \/>\nLas acciones de promoci\u00f3n, as\u00ed como las bases que las regulan, est\u00e1n sujetas a la legislaci\u00f3n espa\u00f1ola. Cualquier controversia que de ellas se deriven, y ante la ausencia de acuerdo amistoso, ser\u00e1n competentes los tribunales espa\u00f1oles, en concreto, de Madrid.<\/p>\n","protected":false},"excerpt":{"rendered":"<p>Las presentes Condiciones Generales de Contrataci\u00f3n (en adelante CONDICIONES) regulan las condiciones de compra de los diferentes productos y\/o servicios ofrecidos por PLANET 8 GROUP SL a trav\u00e9s de su website www.nubeocho.com propiedad de la misma (en adelante LA EMPRESA), sociedad espa\u00f1ola, con CIF B87537916, y con domicilio en CALLE GRAN VIA 69, 4\u00ba 413 [&hellip;]<\/p>\n","protected":false},"author":1,"featured_media":0,"parent":0,"menu_order":0,"comment_status":"closed","ping_status":"closed","template":"","meta":{"footnotes":""},"class_list":["post-11849","page","type-page","status-publish","hentry"],"acf":[],"_links":{"self":[{"href":"https:\/\/www.nubeocho.com\/it\/wp-json\/wp\/v2\/pages\/11849","targetHints":{"allow":["GET"]}}],"collection":[{"href":"https:\/\/www.nubeocho.com\/it\/wp-json\/wp\/v2\/pages"}],"about":[{"href":"https:\/\/www.nubeocho.com\/it\/wp-json\/wp\/v2\/types\/page"}],"author":[{"embeddable":true,"href":"https:\/\/www.nubeocho.com\/it\/wp-json\/wp\/v2\/users\/1"}],"replies":[{"embeddable":true,"href":"https:\/\/www.nubeocho.com\/it\/wp-json\/wp\/v2\/comments?post=11849"}],"version-history":[{"count":1,"href":"https:\/\/www.nubeocho.com\/it\/wp-json\/wp\/v2\/pages\/11849\/revisions"}],"predecessor-version":[{"id":11852,"href":"https:\/\/www.nubeocho.com\/it\/wp-json\/wp\/v2\/pages\/11849\/revisions\/11852"}],"wp:attachment":[{"href":"https:\/\/www.nubeocho.com\/it\/wp-json\/wp\/v2\/media?parent=11849"}],"curies":[{"name":"wp","href":"https:\/\/api.w.org\/{rel}","templated":true}]}}