{"id":11843,"date":"2021-04-22T11:52:55","date_gmt":"2021-04-22T09:52:55","guid":{"rendered":"https:\/\/www.nubeocho.compolitica-de-cookies\/"},"modified":"2022-08-03T10:57:00","modified_gmt":"2022-08-03T08:57:00","slug":"politica-de-cookies","status":"publish","type":"page","link":"https:\/\/www.nubeocho.com\/it\/politica-de-cookies\/","title":{"rendered":"Pol\u00edtica de cookies"},"content":{"rendered":"<p>Este sitio web, al igual que la mayor\u00eda de los sitios en Internet, usa Cookies para mejorar y optimizar la experiencia del usuario. A continuaci\u00f3n, encontrar\u00e1s informaci\u00f3n detallada sobre qu\u00e9 son las &#8216;Cookies&#8217;, qu\u00e9 tipolog\u00eda utiliza este sitio web, c\u00f3mo puedes desactivarlas en tu navegador y c\u00f3mo bloquear espec\u00edficamente la instalaci\u00f3n de Cookies de terceros.<\/p>\n<p><strong>\u00bfQu\u00e9 son las Cookies y c\u00f3mo las utilizan los sitios web de nubeocho.com?<\/strong><\/p>\n<p>Las Cookies son archivos que el sitio web o la aplicaci\u00f3n que utilizas instala en tu navegador o en tu dispositivo (Smartphone, tableta o televisi\u00f3n conectada) durante tu recorrido por las p\u00e1ginas o por la aplicaci\u00f3n, y sirven para almacenar informaci\u00f3n sobre tu visita. Como la mayor\u00eda de los sitios en internet, la web www.nubeocho.com utiliza Cookies para:<\/p>\n<ul>\n<li>Asegurar que las p\u00e1ginas web pueden funcionar correctamente.<\/li>\n<li>Almacenar tus preferencias, como el idioma que has seleccionado o el tama\u00f1o de letra.<\/li>\n<li>Conocer tu experiencia de navegaci\u00f3n.<\/li>\n<li>Recopilar informaci\u00f3n estad\u00edstica an\u00f3nima, como qu\u00e9 p\u00e1ginas has visto o cu\u00e1nto tiempo has estado en nuestros medios.<\/li>\n<\/ul>\n<p>El uso de Cookies nos permite optimizar tu navegaci\u00f3n, adaptando la informaci\u00f3n y los servicios ofrecidos a tus intereses, para proporcionarte una mejor experiencia siempre que nos visites.<\/p>\n<p>Las Cookies se asocian \u00fanicamente a un usuario an\u00f3nimo y su ordenador\/dispositivo y no proporcionan referencias que permitan conocer datos personales. En todo momento podr\u00e1s acceder a la configuraci\u00f3n de tu navegador para modificar y\/o bloquear la instalaci\u00f3n de las Cookies enviadas por el sitio web de PLANET 8 GROUP S.L. sin que ello impida al acceso a los contenidos. Sin embargo, la calidad del funcionamiento de los Servicios puede verse afectada.<\/p>\n<p>Los Usuarios que completen el proceso de registro o hayan iniciado sesi\u00f3n con sus datos de acceso podr\u00e1n acceder a servicios personalizados y adaptados a sus preferencias seg\u00fan la informaci\u00f3n personal suministrada en el momento del registro y la almacenada en la Cookie de su navegador.<\/p>\n<p>Las herramientas de email-marketing de la web PLANET 8 GROUP S.L. utilizan peque\u00f1as im\u00e1genes invisibles para los usuarios que son incluidas en los emails. Esta tecnolog\u00eda nos permite saber si un email se ha le\u00eddo o no, en qu\u00e9 fecha, la direcci\u00f3n IP desde la que ha sido consultado, etc. Con esta informaci\u00f3n, realizamos estudios estad\u00edsticos y anal\u00edticos sobre el env\u00edo y recepci\u00f3n de los emails para mejorar la oferta de los servicios a los que el usuario est\u00e1 suscrito y ofrecerle informaci\u00f3n que pueda ser de su inter\u00e9s.<\/p>\n<p><strong>\u00bfPor qu\u00e9 son importantes?<\/strong><\/p>\n<ul>\n<li>Desde un punto de vista t\u00e9cnico, permiten que los sitios web funcionen de forma m\u00e1s \u00e1gil y adaptada a las preferencias de los usuarios, como por ejemplo almacenar el idioma, la moneda del pa\u00eds o detectar el dispositivo de acceso.<\/li>\n<li>Establecen niveles de protecci\u00f3n y seguridad que impiden o dificultan ciberataques contra el sitio web o sus usuarios.<\/li>\n<li>Permiten que los gestores de los medios puedan conocer datos estad\u00edsticos recopilados en las Cookies para mejorar la calidad y experiencia de sus servicios.<\/li>\n<li>Sirven para optimizar la publicidad que mostramos a los usuarios, ofreciendo la que m\u00e1s se ajusta a sus intereses.<\/li>\n<\/ul>\n<p><strong>\u00bfCu\u00e1les son los diferentes tipos de Cookies que podemos utilizar en nubeocho.com ?<\/strong><\/p>\n<ul>\n<li><strong>Las de sesi\u00f3n<\/strong> expiran cuando el Usuario abandona la p\u00e1gina o cierra el navegador, es decir, est\u00e1n activas mientras dura la visita al sitio web y por tanto son borradas de nuestro ordenador al abandonarlo.<\/li>\n<li><strong>Las permanentes<\/strong> expiran cuando se cumple el objetivo para el que sirven o bien cuando se borran manualmente, tienen fecha de borrado y se utilizan normalmente en proceso de compra online, personalizaciones o en el registro, para no tener que introducir nuestra contrase\u00f1a constantemente.<\/li>\n<\/ul>\n<p>Por otro lado, seg\u00fan quien sea la entidad que gestione el equipo o dominio desde donde se env\u00edan las cookies y trate los datos que se obtengan, podemos distinguir entre Cookies propias y de terceros.<\/p>\n<ul>\n<li><strong>Las Cookies propias<\/strong> son aquellas Cookies que son enviadas a tu ordenador y gestionadas exclusivamente por nosotros para el mejor funcionamiento del Sitio Web. La informaci\u00f3n que recabamos se emplea para mejorar la calidad de nuestro servicio y tu experiencia como usuario.<\/li>\n<li>Si interact\u00faas con el contenido de nuestro Sitio Web tambi\u00e9n pueden establecerse <strong>cookies de terceros<\/strong> (por ejemplo, al pulsar botones de redes sociales o visionar v\u00eddeos alojados en otro sitio web), que son aquellas establecidas por un dominio diferente de nuestro Sitio Web. No podemos acceder a los datos almacenados en las cookies de otros sitios web cuando navegues en los citados sitios web.<\/li>\n<\/ul>\n<p>Navegar por este portal web supone que se puedan instalar los siguientes tipos de Cookies:<\/p>\n<ul>\n<li><strong>De rendimiento:<\/strong> estas Cookies se utilizan para mejorar tu experiencia de navegaci\u00f3n y optimizar el funcionamiento de nuestro sitio web. Almacenan configuraciones de servicios para que no tengas que reconfigurarlos cada vez que nos visitas.<\/li>\n<li><strong>De geolocalizaci\u00f3n:<\/strong> estas Cookies se utilizan para almacenar datos de geolocalizaci\u00f3n del ordenador o dispositivos para ofrecerte contenidos y servicios m\u00e1s adecuados.<\/li>\n<li><strong>De registro:<\/strong> se crean al registrarte o cuando inicias sesi\u00f3n en uno de nuestros portales web.<\/li>\n<li><strong>Anal\u00edticas:<\/strong> estas Cookies recopilan informaci\u00f3n de tu experiencia de navegaci\u00f3n en nuestros portales web de forma totalmente an\u00f3nima.<\/li>\n<li><strong>De publicidad<\/strong>: estas Cookies recogen informaci\u00f3n sobre los anuncios mostrados a cada usuario an\u00f3nimo en los portales web.<\/li>\n<\/ul>\n<p>Algunos servicios de la web de PLANET 8 GROUP S.L. pueden utilizar conectores con diversas redes sociales: Facebook, Twitter, Google+, Linkedin, etc. Al utilizar el registro social, autorizas a la red social a almacenar una Cookie persistente. Esta Cookie recuerda tu identificaci\u00f3n en el servicio, haciendo mucho m\u00e1s r\u00e1pido el acceso en siguientes visitas. Esta Cookie puede ser eliminada, y, adem\u00e1s, puedes anular los permisos de acceso de los servicios de la web de PLANET 8 GROUP S.L. L desde la configuraci\u00f3n de privacidad de la red social concreta.<\/p>\n<p><strong>\u00bfC\u00f3mo puedo configurar mis Cookies?<\/strong><\/p>\n<p>Al navegar y continuar en nuestro Sitio Web estar\u00e1 consintiendo el uso de las Cookies en las condiciones contenidas en la presente Pol\u00edtica de Cookies. www.nubeocho.com proporciona acceso a esta Pol\u00edtica de Cookies en el momento del registro con el objetivo de que el usuario est\u00e9 informado, y sin perjuicio de que \u00e9ste pueda ejercer su derecho a bloquear, eliminar y rechazar el uso de Cookies en todo momento.<\/p>\n<p>En cualquier caso, te informamos de que, dado que las Cookies no son necesarias para el uso de nuestro Sitio Web, puedes bloquearlas o deshabilitarlas activando la configuraci\u00f3n de tu navegador, que te permite rechazar la instalaci\u00f3n de todas las cookies o de algunas de ellas. La pr\u00e1ctica mayor\u00eda de los navegadores permiten advertir de la presencia de Cookies o rechazarlas autom\u00e1ticamente. Si las rechazas podr\u00e1s seguir usando nuestro Sitio Web, aunque el uso de algunos de sus servicios podr\u00e1 ser limitado y por tanto su experiencia en nuestro Sitio Web podr\u00e1 ser menos satisfactoria.<\/p>\n<p>A continuaci\u00f3n, te indicamos los enlaces de los principales navegadores y dispositivos para que dispongas de toda la informaci\u00f3n para consultar c\u00f3mo gestionar las cookies en tu navegador.<\/p>\n<p><strong>Internet Explorer:<\/strong><br \/>\n<a href=\"http:\/\/support.microsoft.com\/kb\/196955\/es\">Versi\u00f3n 5<\/a><br \/>\n<a href=\"http:\/\/support.microsoft.com\/kb\/283185\/es\">Versi\u00f3n 6<\/a><br \/>\n<a href=\"http:\/\/windows.microsoft.com\/es-ES\/windows7\/How-to-manage-cookies-in-Internet-Explorer-9\">Versi\u00f3n 9<\/a><\/p>\n<p><strong>Safari:<br \/>\n<\/strong>Pulsa <a href=\"http:\/\/support.apple.com\/kb\/PH5042?viewlocale=es_ES http:\/\/support.apple.com\/kb\/HT1677?viewlocale=es_ES\">aqu\u00ed<\/a>.<\/p>\n<p><strong>Google<\/strong>:<br \/>\n<a href=\"https:\/\/support.google.com\/chrome\/answer\/95647?hl=es&amp;hlrm=en Firefox:\">Chrome<\/a><br \/>\n<a href=\"http:\/\/support.mozilla.org\/es\/kb\/cookies-informacion-que-los-sitios-web-guardan-en-?redirectlocale=en -US&amp;redirectslug=Cookies\">Firefox<\/a><\/p>\n<p><strong>Opera:<br \/>\n<\/strong>Pulsa <a href=\"http:\/\/help.opera.com\/Windows\/11.50\/es-ES\/cookies.html\">aqu\u00ed<\/a>.<\/p>\n<p><strong>Android<\/strong>:<br \/>\nPulsa <a href=\"http:\/\/support.google.com\/android\/?hl=es\">aqu\u00ed<\/a>.<\/p>\n<p><strong>Windows Phone:<br \/>\n<\/strong>Pulsa <a href=\"http:\/\/www.windowsphone.com\/es-ES\/how-to\/wp7\/web\/changing-privacy-and-other-browser-settings\">aqu\u00ed<\/a>.\u00a0<strong><br \/>\n<\/strong><\/p>\n<p><strong>\u00bfActualizamos nuestra Pol\u00edtica de Cookies?<\/strong><\/p>\n<p>Es posible que actualicemos la Pol\u00edtica de Cookies de nuestro Sitio Web, por ello le recomendamos revisar esta pol\u00edtica cada vez que acceda a nuestro Sitio Web con el objetivo de estar adecuadamente informado sobre c\u00f3mo y para qu\u00e9 usamos las cookies.<\/p>\n","protected":false},"excerpt":{"rendered":"<p>Este sitio web, al igual que la mayor\u00eda de los sitios en Internet, usa Cookies para mejorar y optimizar la experiencia del usuario. A continuaci\u00f3n, encontrar\u00e1s informaci\u00f3n detallada sobre qu\u00e9 son las &#8216;Cookies&#8217;, qu\u00e9 tipolog\u00eda utiliza este sitio web, c\u00f3mo puedes desactivarlas en tu navegador y c\u00f3mo bloquear espec\u00edficamente la instalaci\u00f3n de Cookies de terceros. [&hellip;]<\/p>\n","protected":false},"author":5,"featured_media":0,"parent":0,"menu_order":0,"comment_status":"closed","ping_status":"closed","template":"","meta":{"footnotes":""},"class_list":["post-11843","page","type-page","status-publish","hentry"],"acf":[],"_links":{"self":[{"href":"https:\/\/www.nubeocho.com\/it\/wp-json\/wp\/v2\/pages\/11843","targetHints":{"allow":["GET"]}}],"collection":[{"href":"https:\/\/www.nubeocho.com\/it\/wp-json\/wp\/v2\/pages"}],"about":[{"href":"https:\/\/www.nubeocho.com\/it\/wp-json\/wp\/v2\/types\/page"}],"author":[{"embeddable":true,"href":"https:\/\/www.nubeocho.com\/it\/wp-json\/wp\/v2\/users\/5"}],"replies":[{"embeddable":true,"href":"https:\/\/www.nubeocho.com\/it\/wp-json\/wp\/v2\/comments?post=11843"}],"version-history":[{"count":3,"href":"https:\/\/www.nubeocho.com\/it\/wp-json\/wp\/v2\/pages\/11843\/revisions"}],"predecessor-version":[{"id":16473,"href":"https:\/\/www.nubeocho.com\/it\/wp-json\/wp\/v2\/pages\/11843\/revisions\/16473"}],"wp:attachment":[{"href":"https:\/\/www.nubeocho.com\/it\/wp-json\/wp\/v2\/media?parent=11843"}],"curies":[{"name":"wp","href":"https:\/\/api.w.org\/{rel}","templated":true}]}}