{"id":22613,"date":"2026-04-20T11:53:31","date_gmt":"2026-04-20T09:53:31","guid":{"rendered":"https:\/\/www.nubeocho.com\/?post_type=product&#038;p=22613"},"modified":"2026-04-20T11:55:59","modified_gmt":"2026-04-20T09:55:59","slug":"ahora","status":"publish","type":"product","link":"https:\/\/www.nubeocho.com\/en\/product\/ahora\/","title":{"rendered":"Ahora"},"content":{"rendered":"<p>\u00bfAlguna vez piensas en c\u00f3mo ser\u00e1 el futuro? Es posible que imagines d\u00edas luminosos o que a veces tengas dudas. Pero no podemos saber lo que pasar\u00e1. AHORA est\u00e1s aqu\u00ed, est\u00e1s vivo y hay vida a tu alrededor. AHORA suceden las cosas importantes: escuchar el sonido del mar aunque est\u00e9s lejos dar un abrazo, crear algo de lo que sentirte orgulloso\u2026 Justo ahora puede comenzar algo incre\u00edble.<\/p>\n","protected":false},"excerpt":{"rendered":"<p>Una incre\u00edble aventura empieza AHORA. En este preciso instante suceden las cosas importantes. Mira a tu alrededor, respira, y descubre que AHORA, justo ahora, puede comenzar un d\u00eda maravilloso.<\/p>\n","protected":false},"featured_media":22491,"template":"","meta":[],"product_brand":[],"product_cat":[619,626],"product_tag":[1621,1645],"class_list":{"0":"post-22613","1":"product","2":"type-product","3":"status-publish","4":"has-post-thumbnail","6":"colecciones-somos8-en","7":"edades-4-en","8":"product_cat-catalogue","9":"product_cat-picture-book","10":"product_tag-emotions","11":"product_tag-help-us-to-think","13":"first","14":"instock","15":"taxable","16":"shipping-taxable","17":"product-type-simple"},"acf":[],"_links":{"self":[{"href":"https:\/\/www.nubeocho.com\/en\/wp-json\/wp\/v2\/product\/22613","targetHints":{"allow":["GET"]}}],"collection":[{"href":"https:\/\/www.nubeocho.com\/en\/wp-json\/wp\/v2\/product"}],"about":[{"href":"https:\/\/www.nubeocho.com\/en\/wp-json\/wp\/v2\/types\/product"}],"wp:featuredmedia":[{"embeddable":true,"href":"https:\/\/www.nubeocho.com\/en\/wp-json\/wp\/v2\/media\/22491"}],"wp:attachment":[{"href":"https:\/\/www.nubeocho.com\/en\/wp-json\/wp\/v2\/media?parent=22613"}],"wp:term":[{"taxonomy":"product_brand","embeddable":true,"href":"https:\/\/www.nubeocho.com\/en\/wp-json\/wp\/v2\/product_brand?post=22613"},{"taxonomy":"product_cat","embeddable":true,"href":"https:\/\/www.nubeocho.com\/en\/wp-json\/wp\/v2\/product_cat?post=22613"},{"taxonomy":"product_tag","embeddable":true,"href":"https:\/\/www.nubeocho.com\/en\/wp-json\/wp\/v2\/product_tag?post=22613"}],"curies":[{"name":"wp","href":"https:\/\/api.w.org\/{rel}","templated":true}]}}