{"id":22567,"date":"2026-04-14T10:06:30","date_gmt":"2026-04-14T08:06:30","guid":{"rendered":"https:\/\/www.nubeocho.com\/?post_type=product&#038;p=22567"},"modified":"2026-04-15T09:13:21","modified_gmt":"2026-04-15T07:13:21","slug":"princesas-de-hoy-en-dia","status":"publish","type":"product","link":"https:\/\/www.nubeocho.com\/en\/product\/princesas-de-hoy-en-dia\/","title":{"rendered":"Princesas de hoy en d\u00eda"},"content":{"rendered":"<p>Cuando pensamos en princesas, imaginamos cuentos cl\u00e1sicos, castillos, dragones y hadas\u2026 Pero, \u00bfsabes? No todas las princesas pertenecen al mundo de la fantas\u00eda. A nuestro alrededor existen muchas princesas de carne y hueso, que tienen aficiones, persiguen sus sue\u00f1os, viven aventuras y no necesitan parecerse a nadie. Ellas son las verdaderas princesas de hoy en d\u00eda.\u00a0\u00a1Seguro que conoces a alguna! Quiz\u00e1s una compa\u00f1era del cole, quiz\u00e1s tu madre, tu abuela\u2026 \u00a1quiz\u00e1s t\u00fa tambi\u00e9n eres una princesa!<\/p>\n<p><strong>\u00bfQuieres saber m\u00e1s de ellas? En este libro encontrar\u00e1s sus inspiradoras historias.\u00a0<\/strong><\/p>\n<p><strong>Diecisiete\u00a0micro relatos de princesas actuales, escritos por Dolores Brown y Luis Amavisca, e ilustrados por la celebrada Sonja Wimmer, ilustradora de\u00a0<em>Hermanos,<\/em> <em>Hija<\/em>\u00a0e\u00a0<em>Hijo<\/em>.<\/strong><\/p>\n<p>Dolores Brown y Sonja Wimmer revisitan su libro\u00a0<em>Las princesas m\u00e1s valientes<\/em>, esta vez junto a Luis Amavisca. Esto dijeron medios y personalidades sobre el \u00e1lbum.<\/p>\n<p>\u201cEl mensaje inclusivo de Dolores Brown es aut\u00e9ntico y genuino\u201d. <strong><em>Publishers Weekly<\/em><\/strong><\/p>\n<p>\u201cUn libro precioso e inspirador que ense\u00f1a a ser una verdadera princesa\u201d. <strong>Rosa Montero<\/strong>, Premio Nacional de las Letras.<\/p>\n","protected":false},"excerpt":{"rendered":"<p>Seguramente hayas estado al lado de una princesa. Estamos rodeados de ellas. No nos damos cuenta porque no llevan siempre la corona puesta.<\/p>\n","protected":false},"featured_media":22557,"template":"","meta":[],"product_brand":[],"product_cat":[619,626],"product_tag":[1636],"class_list":{"0":"post-22567","1":"product","2":"type-product","3":"status-publish","4":"has-post-thumbnail","6":"colecciones-egalite-en","7":"edades-4-en","8":"product_cat-catalogue","9":"product_cat-picture-book","10":"product_tag-equality-feminism","12":"first","13":"instock","14":"taxable","15":"shipping-taxable","16":"product-type-simple"},"acf":[],"_links":{"self":[{"href":"https:\/\/www.nubeocho.com\/en\/wp-json\/wp\/v2\/product\/22567","targetHints":{"allow":["GET"]}}],"collection":[{"href":"https:\/\/www.nubeocho.com\/en\/wp-json\/wp\/v2\/product"}],"about":[{"href":"https:\/\/www.nubeocho.com\/en\/wp-json\/wp\/v2\/types\/product"}],"wp:featuredmedia":[{"embeddable":true,"href":"https:\/\/www.nubeocho.com\/en\/wp-json\/wp\/v2\/media\/22557"}],"wp:attachment":[{"href":"https:\/\/www.nubeocho.com\/en\/wp-json\/wp\/v2\/media?parent=22567"}],"wp:term":[{"taxonomy":"product_brand","embeddable":true,"href":"https:\/\/www.nubeocho.com\/en\/wp-json\/wp\/v2\/product_brand?post=22567"},{"taxonomy":"product_cat","embeddable":true,"href":"https:\/\/www.nubeocho.com\/en\/wp-json\/wp\/v2\/product_cat?post=22567"},{"taxonomy":"product_tag","embeddable":true,"href":"https:\/\/www.nubeocho.com\/en\/wp-json\/wp\/v2\/product_tag?post=22567"}],"curies":[{"name":"wp","href":"https:\/\/api.w.org\/{rel}","templated":true}]}}