{"id":22475,"date":"2026-04-07T12:56:17","date_gmt":"2026-04-07T10:56:17","guid":{"rendered":"https:\/\/www.nubeocho.com\/?post_type=product&#038;p=22475"},"modified":"2026-04-07T12:59:04","modified_gmt":"2026-04-07T10:59:04","slug":"en-busca-de-capi","status":"publish","type":"product","link":"https:\/\/www.nubeocho.com\/en\/product\/en-busca-de-capi\/","title":{"rendered":"En busca de Capi"},"content":{"rendered":"<p>La familia Capibara decide ir a visitar a sus primos, pero es un viaje largo y muy peligroso. Tienen que permanecer unidos. La peque\u00f1a Capi se cruza con la mariposa m\u00e1s incre\u00edble que ha visto en su vida y no puede evitar perseguirla. \u201c\u00bfD\u00f3nde est\u00e1 Capi?\u201d, dice su hermano.<\/p>\n<p>Toda la familia la busca y pregunta a diferentes animales, un venado, un armadillo \u00a1e incluso a una temible anaconda! Pero ninguno puede ayudarles.<\/p>\n<p>\u00bfEncontrar\u00e1n a Capi?<\/p>\n","protected":false},"excerpt":{"rendered":"<p>La peque\u00f1a de los Capibara se ha perdido. Su familia pregunta a varios animales, pero no consiguen encontrarla. \u00bfD\u00f3nde se habr\u00e1 metido?<\/p>\n","protected":false},"featured_media":22445,"template":"","meta":[],"product_brand":[],"product_cat":[619,626],"product_tag":[1627,1639],"class_list":{"0":"post-22475","1":"product","2":"type-product","3":"status-publish","4":"has-post-thumbnail","6":"colecciones-somos8-en","7":"edades-3-en","8":"product_cat-catalogue","9":"product_cat-picture-book","10":"product_tag-family","11":"product_tag-fear","13":"first","14":"instock","15":"taxable","16":"shipping-taxable","17":"product-type-simple"},"acf":[],"_links":{"self":[{"href":"https:\/\/www.nubeocho.com\/en\/wp-json\/wp\/v2\/product\/22475","targetHints":{"allow":["GET"]}}],"collection":[{"href":"https:\/\/www.nubeocho.com\/en\/wp-json\/wp\/v2\/product"}],"about":[{"href":"https:\/\/www.nubeocho.com\/en\/wp-json\/wp\/v2\/types\/product"}],"wp:featuredmedia":[{"embeddable":true,"href":"https:\/\/www.nubeocho.com\/en\/wp-json\/wp\/v2\/media\/22445"}],"wp:attachment":[{"href":"https:\/\/www.nubeocho.com\/en\/wp-json\/wp\/v2\/media?parent=22475"}],"wp:term":[{"taxonomy":"product_brand","embeddable":true,"href":"https:\/\/www.nubeocho.com\/en\/wp-json\/wp\/v2\/product_brand?post=22475"},{"taxonomy":"product_cat","embeddable":true,"href":"https:\/\/www.nubeocho.com\/en\/wp-json\/wp\/v2\/product_cat?post=22475"},{"taxonomy":"product_tag","embeddable":true,"href":"https:\/\/www.nubeocho.com\/en\/wp-json\/wp\/v2\/product_tag?post=22475"}],"curies":[{"name":"wp","href":"https:\/\/api.w.org\/{rel}","templated":true}]}}