{"id":22422,"date":"2026-03-26T09:57:57","date_gmt":"2026-03-26T08:57:57","guid":{"rendered":"https:\/\/www.nubeocho.com\/?post_type=product&#038;p=22422"},"modified":"2026-03-26T10:09:18","modified_gmt":"2026-03-26T09:09:18","slug":"vicente-un-camaleon-diferente","status":"publish","type":"product","link":"https:\/\/www.nubeocho.com\/en\/product\/vicente-un-camaleon-diferente\/","title":{"rendered":"Vicente, un camale\u00f3n diferente"},"content":{"rendered":"<p>Vicente es diferente al resto de camaleones porque su piel no es de colores, sino blanca. \u00c9l quiere ser como los dem\u00e1s y est\u00e1 dispuesto a hacer lo que sea para conseguirlo: pintarse las escamas, agotarse cazando moscas\u2026 Pero nada funciona c\u00f3mo a \u00e9l le gustar\u00eda. \u00bfDescubrir\u00e1 qu\u00e9 le hace falta para gustar a los dem\u00e1s? \u00bfY de verdad es eso tan importante?<\/p>\n","protected":false},"excerpt":{"rendered":"<p>Vicente quiere tener vivos colores como los otros camaleones, pero es completamente blanco. \u00bfHasta d\u00f3nde llegar\u00e1 para ser como los dem\u00e1s?<\/p>\n","protected":false},"featured_media":22390,"template":"","meta":[],"product_brand":[],"product_cat":[619,626],"product_tag":[1615,1621,1636],"class_list":{"0":"post-22422","1":"product","2":"type-product","3":"status-publish","4":"has-post-thumbnail","6":"colecciones-somos8-en","7":"edades-3-en","8":"product_cat-catalogue","9":"product_cat-picture-book","10":"product_tag-diversity","11":"product_tag-emotions","12":"product_tag-equality-feminism","14":"first","15":"instock","16":"taxable","17":"shipping-taxable","18":"product-type-simple"},"acf":[],"_links":{"self":[{"href":"https:\/\/www.nubeocho.com\/en\/wp-json\/wp\/v2\/product\/22422","targetHints":{"allow":["GET"]}}],"collection":[{"href":"https:\/\/www.nubeocho.com\/en\/wp-json\/wp\/v2\/product"}],"about":[{"href":"https:\/\/www.nubeocho.com\/en\/wp-json\/wp\/v2\/types\/product"}],"wp:featuredmedia":[{"embeddable":true,"href":"https:\/\/www.nubeocho.com\/en\/wp-json\/wp\/v2\/media\/22390"}],"wp:attachment":[{"href":"https:\/\/www.nubeocho.com\/en\/wp-json\/wp\/v2\/media?parent=22422"}],"wp:term":[{"taxonomy":"product_brand","embeddable":true,"href":"https:\/\/www.nubeocho.com\/en\/wp-json\/wp\/v2\/product_brand?post=22422"},{"taxonomy":"product_cat","embeddable":true,"href":"https:\/\/www.nubeocho.com\/en\/wp-json\/wp\/v2\/product_cat?post=22422"},{"taxonomy":"product_tag","embeddable":true,"href":"https:\/\/www.nubeocho.com\/en\/wp-json\/wp\/v2\/product_tag?post=22422"}],"curies":[{"name":"wp","href":"https:\/\/api.w.org\/{rel}","templated":true}]}}