{"id":22227,"date":"2026-02-16T09:03:32","date_gmt":"2026-02-16T08:03:32","guid":{"rendered":"https:\/\/www.nubeocho.com\/?post_type=product&#038;p=22227"},"modified":"2026-02-16T09:06:54","modified_gmt":"2026-02-16T08:06:54","slug":"el-apagon","status":"publish","type":"product","link":"https:\/\/www.nubeocho.com\/en\/product\/el-apagon\/","title":{"rendered":"El apag\u00f3n"},"content":{"rendered":"<p>\u00bfQu\u00e9 har\u00edas sin tele, sin m\u00f3vil, sin tablet\u2026?<\/p>\n<p>Paula y sus vecinos lo descubrieron el d\u00eda del apag\u00f3n. Pasaron un poco de miedo al principio. Luego vivieron una tarde distinta con momentos compartidos, solidarios\u2026 una tarde de juegos y de diversi\u00f3n a la luz de la velas.<\/p>\n<p>\u201c\u00bfPodr\u00eda haber m\u00e1s apagones, por favor?\u201d, le pegunta Paula a su pap\u00e1.<\/p>\n","protected":false},"excerpt":{"rendered":"<p>Todo se qued\u00f3 a oscuras. Sin electricidad, sin m\u00f3viles ni televisiones, las velas iluminaron durante unas horas la vida de Paula, su perrita Luna y sus vecinos.<\/p>\n","protected":false},"featured_media":22202,"template":"","meta":[],"product_brand":[],"product_cat":[619,626],"product_tag":[1627,1645],"class_list":{"0":"post-22227","1":"product","2":"type-product","3":"status-publish","4":"has-post-thumbnail","6":"colecciones-somos8-en","7":"edades-3-en","8":"product_cat-catalogue","9":"product_cat-picture-book","10":"product_tag-family","11":"product_tag-help-us-to-think","13":"first","14":"instock","15":"taxable","16":"shipping-taxable","17":"product-type-simple"},"acf":[],"_links":{"self":[{"href":"https:\/\/www.nubeocho.com\/en\/wp-json\/wp\/v2\/product\/22227","targetHints":{"allow":["GET"]}}],"collection":[{"href":"https:\/\/www.nubeocho.com\/en\/wp-json\/wp\/v2\/product"}],"about":[{"href":"https:\/\/www.nubeocho.com\/en\/wp-json\/wp\/v2\/types\/product"}],"wp:featuredmedia":[{"embeddable":true,"href":"https:\/\/www.nubeocho.com\/en\/wp-json\/wp\/v2\/media\/22202"}],"wp:attachment":[{"href":"https:\/\/www.nubeocho.com\/en\/wp-json\/wp\/v2\/media?parent=22227"}],"wp:term":[{"taxonomy":"product_brand","embeddable":true,"href":"https:\/\/www.nubeocho.com\/en\/wp-json\/wp\/v2\/product_brand?post=22227"},{"taxonomy":"product_cat","embeddable":true,"href":"https:\/\/www.nubeocho.com\/en\/wp-json\/wp\/v2\/product_cat?post=22227"},{"taxonomy":"product_tag","embeddable":true,"href":"https:\/\/www.nubeocho.com\/en\/wp-json\/wp\/v2\/product_tag?post=22227"}],"curies":[{"name":"wp","href":"https:\/\/api.w.org\/{rel}","templated":true}]}}