{"id":22031,"date":"2026-01-19T09:31:30","date_gmt":"2026-01-19T08:31:30","guid":{"rendered":"https:\/\/www.nubeocho.com\/?post_type=product&#038;p=22031"},"modified":"2026-01-19T09:37:21","modified_gmt":"2026-01-19T08:37:21","slug":"donde-esta-mi-escoba","status":"publish","type":"product","link":"https:\/\/www.nubeocho.com\/en\/product\/donde-esta-mi-escoba\/","title":{"rendered":"\u00bfD\u00f3nde est\u00e1 mi escoba?"},"content":{"rendered":"<div class=\"sinopsisHTML\">La bruja Simona ha perdido su escoba. Sin ella no puede volar ni huir del ogro gigante que la persigue. Le pregunta a un vampirito, a Frankenstein y a un peque\u00f1o monstruo, pero no saben d\u00f3nde est\u00e1. Trata de cobijarse en una cueva cuando el ogro est\u00e1 a punto de capturarla. \u00a0\u00bfD\u00f3nde estar\u00e1 su escoba?<\/div>\n<div><\/div>\n<div class=\"sinopsisHTML\">De la ilustradora del bestseller <em>El hilo invisible<\/em>, con m\u00e1s de 150.000 lectores.<\/div>\n","protected":false},"excerpt":{"rendered":"<p>\u201cAyudaaa. \u00bfD\u00f3nde est\u00e1 mi escoba?\u201d, pregunta la bruja Simona a los monstruos que se encuentra mientras huye de un ogro gigante. Pero nadie ha visto su escoba.<\/p>\n","protected":false},"featured_media":22011,"template":"","meta":[],"product_brand":[],"product_cat":[619,626],"product_tag":[1645,1633],"class_list":{"0":"post-22031","1":"product","2":"type-product","3":"status-publish","4":"has-post-thumbnail","6":"colecciones-somos8-en","7":"edades-3-en","8":"product_cat-catalogue","9":"product_cat-picture-book","10":"product_tag-help-us-to-think","11":"product_tag-humor-en","13":"first","14":"instock","15":"taxable","16":"shipping-taxable","17":"product-type-simple"},"acf":[],"_links":{"self":[{"href":"https:\/\/www.nubeocho.com\/en\/wp-json\/wp\/v2\/product\/22031","targetHints":{"allow":["GET"]}}],"collection":[{"href":"https:\/\/www.nubeocho.com\/en\/wp-json\/wp\/v2\/product"}],"about":[{"href":"https:\/\/www.nubeocho.com\/en\/wp-json\/wp\/v2\/types\/product"}],"wp:featuredmedia":[{"embeddable":true,"href":"https:\/\/www.nubeocho.com\/en\/wp-json\/wp\/v2\/media\/22011"}],"wp:attachment":[{"href":"https:\/\/www.nubeocho.com\/en\/wp-json\/wp\/v2\/media?parent=22031"}],"wp:term":[{"taxonomy":"product_brand","embeddable":true,"href":"https:\/\/www.nubeocho.com\/en\/wp-json\/wp\/v2\/product_brand?post=22031"},{"taxonomy":"product_cat","embeddable":true,"href":"https:\/\/www.nubeocho.com\/en\/wp-json\/wp\/v2\/product_cat?post=22031"},{"taxonomy":"product_tag","embeddable":true,"href":"https:\/\/www.nubeocho.com\/en\/wp-json\/wp\/v2\/product_tag?post=22031"}],"curies":[{"name":"wp","href":"https:\/\/api.w.org\/{rel}","templated":true}]}}