{"id":21957,"date":"2025-11-05T09:04:54","date_gmt":"2025-11-05T08:04:54","guid":{"rendered":"https:\/\/www.nubeocho.com\/?post_type=product&#038;p=21957"},"modified":"2025-11-05T09:09:18","modified_gmt":"2025-11-05T08:09:18","slug":"buscar-10o-aniversario","status":"publish","type":"product","link":"https:\/\/www.nubeocho.com\/en\/product\/buscar-10o-aniversario\/","title":{"rendered":"Buscar. 10\u00ba aniversario"},"content":{"rendered":"<p>Bu siempre camina mirando el suelo. Sus amigos y vecinos le preguntan que qu\u00e9 hace, y \u00e9l siempre contesta lo mismo: Buscar. Hasta que un d\u00eda, algo le obliga a levantar la cabeza.<\/p>\n<p><em>Buscar<\/em> es una historia que nos ayuda a valorar lo que tenemos cerca y que, a veces, no vemos. Mediante sus ilustraciones puede trabajarse la observaci\u00f3n, encontrar vocabulario, n\u00fameros y conocer a muchos personajes divertidos.<br \/>\n\u00bfTe animas a BUSCAR?<\/p>\n<p>\u00a1Descubre todos los secretos de <em>Buscar<\/em> en esta edici\u00f3n especial! Incluye sobrecubierta con un p\u00f3ster y la historia sobre c\u00f3mo se cre\u00f3 el libro contada por Olga de Dios.<\/p>\n","protected":false},"excerpt":{"rendered":"<p>\u00a1<em>Buscar<\/em> cumple diez a\u00f1os! Un \u00e1lbum, escrito e ilustrado por la conocida Olga de Dios, que incita a la experimentaci\u00f3n, la observaci\u00f3n y el descubrimiento.<\/p>\n","protected":false},"featured_media":21362,"template":"","meta":[],"product_brand":[],"product_cat":[619,626],"product_tag":[1621,1602,1645],"class_list":{"0":"post-21957","1":"product","2":"type-product","3":"status-publish","4":"has-post-thumbnail","6":"product_cat-catalogue","7":"product_cat-picture-book","8":"product_tag-emotions","9":"product_tag-friendship","10":"product_tag-help-us-to-think","12":"first","13":"instock","14":"product-type-simple"},"acf":[],"_links":{"self":[{"href":"https:\/\/www.nubeocho.com\/en\/wp-json\/wp\/v2\/product\/21957","targetHints":{"allow":["GET"]}}],"collection":[{"href":"https:\/\/www.nubeocho.com\/en\/wp-json\/wp\/v2\/product"}],"about":[{"href":"https:\/\/www.nubeocho.com\/en\/wp-json\/wp\/v2\/types\/product"}],"wp:featuredmedia":[{"embeddable":true,"href":"https:\/\/www.nubeocho.com\/en\/wp-json\/wp\/v2\/media\/21362"}],"wp:attachment":[{"href":"https:\/\/www.nubeocho.com\/en\/wp-json\/wp\/v2\/media?parent=21957"}],"wp:term":[{"taxonomy":"product_brand","embeddable":true,"href":"https:\/\/www.nubeocho.com\/en\/wp-json\/wp\/v2\/product_brand?post=21957"},{"taxonomy":"product_cat","embeddable":true,"href":"https:\/\/www.nubeocho.com\/en\/wp-json\/wp\/v2\/product_cat?post=21957"},{"taxonomy":"product_tag","embeddable":true,"href":"https:\/\/www.nubeocho.com\/en\/wp-json\/wp\/v2\/product_tag?post=21957"}],"curies":[{"name":"wp","href":"https:\/\/api.w.org\/{rel}","templated":true}]}}