{"id":21816,"date":"2025-10-13T09:58:41","date_gmt":"2025-10-13T07:58:41","guid":{"rendered":"https:\/\/www.nubeocho.com\/?post_type=product&#038;p=21816"},"modified":"2025-12-09T08:58:49","modified_gmt":"2025-12-09T07:58:49","slug":"eres-libre","status":"publish","type":"product","link":"https:\/\/www.nubeocho.com\/en\/product\/eres-libre\/","title":{"rendered":"Eres libre"},"content":{"rendered":"<p>Una oda a la libertad y a su verdadero significado. \u00bfSab\u00edas que todos somos libres y tenemos alas? Pero aprender a volar lleva su tiempo y exige dedicaci\u00f3n. Ser libre no es hacer lo que quieras, porque todos nuestros actos tienen consecuencias. Lo m\u00e1s importante para que tus alas no se rompan es portarte bien contigo y con los dem\u00e1s. Todos los que te rodean tambi\u00e9n tienen derecho a mover sus alas por d\u00f3nde quieran. Escucharlos y respetarlos es parte de la libertad.<\/p>\n","protected":false},"excerpt":{"rendered":"<p>Todos creemos saber lo que es ser libre, pero es m\u00e1s de lo que piensas. Ser libre incluye a los dem\u00e1s y la libertad significa saber escuchar, respetar y compartir.<\/p>\n","protected":false},"featured_media":21780,"template":"","meta":[],"product_brand":[],"product_cat":[619,626],"product_tag":[1615,1621,1645],"class_list":{"0":"post-21816","1":"product","2":"type-product","3":"status-publish","4":"has-post-thumbnail","6":"colecciones-somos8-en","7":"edades-4-en","8":"product_cat-catalogue","9":"product_cat-picture-book","10":"product_tag-diversity","11":"product_tag-emotions","12":"product_tag-help-us-to-think","14":"first","15":"instock","16":"taxable","17":"shipping-taxable","18":"product-type-simple"},"acf":[],"_links":{"self":[{"href":"https:\/\/www.nubeocho.com\/en\/wp-json\/wp\/v2\/product\/21816","targetHints":{"allow":["GET"]}}],"collection":[{"href":"https:\/\/www.nubeocho.com\/en\/wp-json\/wp\/v2\/product"}],"about":[{"href":"https:\/\/www.nubeocho.com\/en\/wp-json\/wp\/v2\/types\/product"}],"wp:featuredmedia":[{"embeddable":true,"href":"https:\/\/www.nubeocho.com\/en\/wp-json\/wp\/v2\/media\/21780"}],"wp:attachment":[{"href":"https:\/\/www.nubeocho.com\/en\/wp-json\/wp\/v2\/media?parent=21816"}],"wp:term":[{"taxonomy":"product_brand","embeddable":true,"href":"https:\/\/www.nubeocho.com\/en\/wp-json\/wp\/v2\/product_brand?post=21816"},{"taxonomy":"product_cat","embeddable":true,"href":"https:\/\/www.nubeocho.com\/en\/wp-json\/wp\/v2\/product_cat?post=21816"},{"taxonomy":"product_tag","embeddable":true,"href":"https:\/\/www.nubeocho.com\/en\/wp-json\/wp\/v2\/product_tag?post=21816"}],"curies":[{"name":"wp","href":"https:\/\/api.w.org\/{rel}","templated":true}]}}