{"id":21748,"date":"2025-10-07T09:03:08","date_gmt":"2025-10-07T07:03:08","guid":{"rendered":"https:\/\/www.nubeocho.com\/?post_type=product&#038;p=21748"},"modified":"2025-11-05T14:58:12","modified_gmt":"2025-11-05T13:58:12","slug":"franky-frankenstein","status":"publish","type":"product","link":"https:\/\/www.nubeocho.com\/en\/product\/franky-frankenstein\/","title":{"rendered":"Franky Frankenstein"},"content":{"rendered":"<p>Franky es una ni\u00f1a monstrua grande, muy grande. Pap\u00e1 Frankenstein fabrica juguetes para su hija, Hera la calavera es su profesora y sus amigas son la pira\u00f1a que ara\u00f1a y la serpiente que muerde. Pero lo que Franky realmente quiere es ir al colegio. Su padre teme que los ni\u00f1os y ni\u00f1as del pueblo se asusten al ver a su hija y no quieran jugar con ella. \u00bfConseguir\u00e1 Franky ir a la escuela?<\/p>\n","protected":false},"excerpt":{"rendered":"<p>Franky tiene todo lo que una ni\u00f1a monstrua puede desear, pero siente que le falta algo. \u00bfEncontrar\u00e1 finalmente lo que busca?<\/p>\n","protected":false},"featured_media":21655,"template":"","meta":[],"product_brand":[],"product_cat":[619,626],"product_tag":[1615,1627,1602,1633],"class_list":{"0":"post-21748","1":"product","2":"type-product","3":"status-publish","4":"has-post-thumbnail","6":"product_cat-catalogue","7":"product_cat-picture-book","8":"product_tag-diversity","9":"product_tag-family","10":"product_tag-friendship","11":"product_tag-humor-en","13":"first","14":"instock","15":"taxable","16":"shipping-taxable","17":"product-type-simple"},"acf":[],"_links":{"self":[{"href":"https:\/\/www.nubeocho.com\/en\/wp-json\/wp\/v2\/product\/21748","targetHints":{"allow":["GET"]}}],"collection":[{"href":"https:\/\/www.nubeocho.com\/en\/wp-json\/wp\/v2\/product"}],"about":[{"href":"https:\/\/www.nubeocho.com\/en\/wp-json\/wp\/v2\/types\/product"}],"wp:featuredmedia":[{"embeddable":true,"href":"https:\/\/www.nubeocho.com\/en\/wp-json\/wp\/v2\/media\/21655"}],"wp:attachment":[{"href":"https:\/\/www.nubeocho.com\/en\/wp-json\/wp\/v2\/media?parent=21748"}],"wp:term":[{"taxonomy":"product_brand","embeddable":true,"href":"https:\/\/www.nubeocho.com\/en\/wp-json\/wp\/v2\/product_brand?post=21748"},{"taxonomy":"product_cat","embeddable":true,"href":"https:\/\/www.nubeocho.com\/en\/wp-json\/wp\/v2\/product_cat?post=21748"},{"taxonomy":"product_tag","embeddable":true,"href":"https:\/\/www.nubeocho.com\/en\/wp-json\/wp\/v2\/product_tag?post=21748"}],"curies":[{"name":"wp","href":"https:\/\/api.w.org\/{rel}","templated":true}]}}