{"id":21618,"date":"2025-10-13T08:00:04","date_gmt":"2025-10-13T06:00:04","guid":{"rendered":"https:\/\/www.nubeocho.com\/?post_type=product&#038;p=21618"},"modified":"2026-02-27T13:51:02","modified_gmt":"2026-02-27T12:51:02","slug":"los-dragones-tambien-lloran","status":"publish","type":"product","link":"https:\/\/www.nubeocho.com\/en\/product\/los-dragones-tambien-lloran\/","title":{"rendered":"Los dragones tambi\u00e9n lloran"},"content":{"rendered":"<div class=\"sinopsisHTML\">\n<p>Ari y Lea son dos amigos que acaban de entrar a formar parte de la Pandilla Audaz. Durante una prueba en una casa abandonada, Ari se echa a llorar porque le da miedo la oscuridad. Entonces, el jefe de la Pandilla lo expulsa porque un ni\u00f1o no puede llorar, es de cobardes.<br \/>\nEsa misma noche, una dragona selecciona a los dos amigos para ayudar a su hijo Zuri con su tristeza, ya que tambi\u00e9n se averg\u00fcenza por llorar delante de sus amigos dragones.<br \/>\nDespu\u00e9s de la gran aventura en el pa\u00eds de los dragones, Ari y Lea ense\u00f1ar\u00e1n a todos que los miembros de la Pandilla Audaz deben ser r\u00e1pidos, fuertes, inteligentes y lo suficientemente valientes para llorar.<\/p>\n<\/div>\n<div>\n<div>\n<h3><\/h3>\n<\/div>\n<\/div>\n","protected":false},"excerpt":{"rendered":"<p>Una extraordinaria aventura en el mundo de los dragones demostrar\u00e1 a los ni\u00f1os y ni\u00f1as de la Pandilla Audaz que llorar es de valientes.<\/p>\n","protected":false},"featured_media":21598,"template":"","meta":[],"product_brand":[],"product_cat":[619,626],"product_tag":[1621,1639,1602,1645],"class_list":{"0":"post-21618","1":"product","2":"type-product","3":"status-publish","4":"has-post-thumbnail","6":"colecciones-egalite-en","7":"edades-4-en","8":"product_cat-catalogue","9":"product_cat-picture-book","10":"product_tag-emotions","11":"product_tag-fear","12":"product_tag-friendship","13":"product_tag-help-us-to-think","15":"first","16":"instock","17":"taxable","18":"shipping-taxable","19":"product-type-simple"},"acf":[],"_links":{"self":[{"href":"https:\/\/www.nubeocho.com\/en\/wp-json\/wp\/v2\/product\/21618","targetHints":{"allow":["GET"]}}],"collection":[{"href":"https:\/\/www.nubeocho.com\/en\/wp-json\/wp\/v2\/product"}],"about":[{"href":"https:\/\/www.nubeocho.com\/en\/wp-json\/wp\/v2\/types\/product"}],"wp:featuredmedia":[{"embeddable":true,"href":"https:\/\/www.nubeocho.com\/en\/wp-json\/wp\/v2\/media\/21598"}],"wp:attachment":[{"href":"https:\/\/www.nubeocho.com\/en\/wp-json\/wp\/v2\/media?parent=21618"}],"wp:term":[{"taxonomy":"product_brand","embeddable":true,"href":"https:\/\/www.nubeocho.com\/en\/wp-json\/wp\/v2\/product_brand?post=21618"},{"taxonomy":"product_cat","embeddable":true,"href":"https:\/\/www.nubeocho.com\/en\/wp-json\/wp\/v2\/product_cat?post=21618"},{"taxonomy":"product_tag","embeddable":true,"href":"https:\/\/www.nubeocho.com\/en\/wp-json\/wp\/v2\/product_tag?post=21618"}],"curies":[{"name":"wp","href":"https:\/\/api.w.org\/{rel}","templated":true}]}}