{"id":21544,"date":"2025-09-11T11:36:46","date_gmt":"2025-09-11T09:36:46","guid":{"rendered":"https:\/\/www.nubeocho.com\/producto\/la-princesa-mas-alla-de-las-montanas\/"},"modified":"2025-09-11T11:54:50","modified_gmt":"2025-09-11T09:54:50","slug":"la-princesa-mas-alla-de-las-montanas","status":"publish","type":"product","link":"https:\/\/www.nubeocho.com\/en\/product\/la-princesa-mas-alla-de-las-montanas\/","title":{"rendered":"La princesa m\u00e1s all\u00e1 de las monta\u00f1as"},"content":{"rendered":"<div class=\"sinopsisHTML\">\n<p>La Princesa se encuentra en el castillo de la Dragona. Valerosos caballeros atraviesan las monta\u00f1as para rescatarla, pero lo que encuentran los sorprende: la Princesa est\u00e1 jugando, nadando con la Dragona o construyendo una m\u00e1quina voladora. Y tiene muy claro que no quiere volver al castillo con su padre y seguir siendo una princesa aburrida con un bonito vestido rosa.<\/p>\n<p>Texto ganador de la IX Edici\u00f3n del premio internacional Narrating Equality, que promueve publicaciones libres de estereotipos de g\u00e9nero.<\/p>\n<\/div>\n","protected":false},"excerpt":{"rendered":"<p>\u00a1No quiero que me salven! \u00a1Me quiero quedar con la Dragona!&#8221;, dice la Princesa cada vez que un caballero quiere rescatarla.<\/p>\n","protected":false},"featured_media":21536,"template":"","meta":[],"product_brand":[],"product_cat":[619,626],"product_tag":[1636,1606],"class_list":{"0":"post-21544","1":"product","2":"type-product","3":"status-publish","4":"has-post-thumbnail","6":"colecciones-egalite-en","7":"edades-3-en","8":"product_cat-catalogue","9":"product_cat-picture-book","10":"product_tag-equality-feminism","11":"product_tag-international-authors","13":"first","14":"instock","15":"taxable","16":"shipping-taxable","17":"product-type-simple"},"acf":[],"_links":{"self":[{"href":"https:\/\/www.nubeocho.com\/en\/wp-json\/wp\/v2\/product\/21544","targetHints":{"allow":["GET"]}}],"collection":[{"href":"https:\/\/www.nubeocho.com\/en\/wp-json\/wp\/v2\/product"}],"about":[{"href":"https:\/\/www.nubeocho.com\/en\/wp-json\/wp\/v2\/types\/product"}],"wp:featuredmedia":[{"embeddable":true,"href":"https:\/\/www.nubeocho.com\/en\/wp-json\/wp\/v2\/media\/21536"}],"wp:attachment":[{"href":"https:\/\/www.nubeocho.com\/en\/wp-json\/wp\/v2\/media?parent=21544"}],"wp:term":[{"taxonomy":"product_brand","embeddable":true,"href":"https:\/\/www.nubeocho.com\/en\/wp-json\/wp\/v2\/product_brand?post=21544"},{"taxonomy":"product_cat","embeddable":true,"href":"https:\/\/www.nubeocho.com\/en\/wp-json\/wp\/v2\/product_cat?post=21544"},{"taxonomy":"product_tag","embeddable":true,"href":"https:\/\/www.nubeocho.com\/en\/wp-json\/wp\/v2\/product_tag?post=21544"}],"curies":[{"name":"wp","href":"https:\/\/api.w.org\/{rel}","templated":true}]}}