{"id":21500,"date":"2025-09-08T08:44:52","date_gmt":"2025-09-08T06:44:52","guid":{"rendered":"https:\/\/www.nubeocho.com\/?post_type=product&#038;p=21500"},"modified":"2025-09-08T09:12:09","modified_gmt":"2025-09-08T07:12:09","slug":"superfede","status":"publish","type":"product","link":"https:\/\/www.nubeocho.com\/en\/product\/superfede\/","title":{"rendered":"SuperFede"},"content":{"rendered":"<div class=\"sinopsisHTML\">\n<p>SuperFede est\u00e1 muy ocupado ayudando a todos y vigilando las calles para que no ocurra nada malo. Pero su supertraje se rompe y tiene que llevarlo a arreglar, as\u00ed que se toma el d\u00eda libre. Entonces descubre que le encantan las flores, jugar en el parque con otras ni\u00f1as y ni\u00f1os, dibujar y bailar. No quiere renunciar a hacer todo lo que le gusta solo por no ser lo que hacen los superh\u00e9roes. \u00bfPor qu\u00e9 no pueden los superh\u00e9roes ser supervalientes y tambi\u00e9n supersensibles?<\/p>\n<p>Tras el \u00e9xito internacional de <em>\u00a1Vivan las u\u00f1as de colores!,<\/em> uno de sus autores, Luis Amavisca y el ilustrador Gusti, nos vuelven a hablar de la libertad de \u201cser ni\u00f1o\u201d.<\/p>\n<\/div>\n","protected":false},"excerpt":{"rendered":"<p>SuperFede nos ayudar\u00e1 a entender la importancia de ser nosotros mismos.<\/p>\n","protected":false},"featured_media":21483,"template":"","meta":[],"product_brand":[],"product_cat":[619,626],"product_tag":[1621,1639],"class_list":{"0":"post-21500","1":"product","2":"type-product","3":"status-publish","4":"has-post-thumbnail","6":"colecciones-egalite-en","7":"edades-3-en","8":"product_cat-catalogue","9":"product_cat-picture-book","10":"product_tag-emotions","11":"product_tag-fear","13":"first","14":"instock","15":"taxable","16":"shipping-taxable","17":"product-type-simple"},"acf":[],"_links":{"self":[{"href":"https:\/\/www.nubeocho.com\/en\/wp-json\/wp\/v2\/product\/21500","targetHints":{"allow":["GET"]}}],"collection":[{"href":"https:\/\/www.nubeocho.com\/en\/wp-json\/wp\/v2\/product"}],"about":[{"href":"https:\/\/www.nubeocho.com\/en\/wp-json\/wp\/v2\/types\/product"}],"wp:featuredmedia":[{"embeddable":true,"href":"https:\/\/www.nubeocho.com\/en\/wp-json\/wp\/v2\/media\/21483"}],"wp:attachment":[{"href":"https:\/\/www.nubeocho.com\/en\/wp-json\/wp\/v2\/media?parent=21500"}],"wp:term":[{"taxonomy":"product_brand","embeddable":true,"href":"https:\/\/www.nubeocho.com\/en\/wp-json\/wp\/v2\/product_brand?post=21500"},{"taxonomy":"product_cat","embeddable":true,"href":"https:\/\/www.nubeocho.com\/en\/wp-json\/wp\/v2\/product_cat?post=21500"},{"taxonomy":"product_tag","embeddable":true,"href":"https:\/\/www.nubeocho.com\/en\/wp-json\/wp\/v2\/product_tag?post=21500"}],"curies":[{"name":"wp","href":"https:\/\/api.w.org\/{rel}","templated":true}]}}