{"id":21446,"date":"2025-08-27T09:55:53","date_gmt":"2025-08-27T07:55:53","guid":{"rendered":"https:\/\/www.nubeocho.com\/?post_type=product&#038;p=21446"},"modified":"2025-08-27T10:38:54","modified_gmt":"2025-08-27T08:38:54","slug":"el-pirata-malacaca","status":"publish","type":"product","link":"https:\/\/www.nubeocho.com\/en\/product\/el-pirata-malacaca\/","title":{"rendered":"El pirata Malacaca"},"content":{"rendered":"<p>Al pirata Malacaca se le escapan pedos a todas horas y, lo peor, en cualquier lugar. \u00a1Es un tormento! Sus piratas se r\u00eden mucho y \u00e9l est\u00e1 convencido de que es un pedorro sin remedio. Pero tiene una gran idea: poco a poco, empieza a utilizar sus ventosidades como arma en las batallas y tumba a cualquier adversario. Un buen d\u00eda, conoce a Elsa Pelorrosa, la pirata m\u00e1s temida de los siete mares, quien le da un consejo&#8230; \u00bfConseguir\u00e1 Malacaca ir de nuevo al ba\u00f1o y dejar de ser un pirata hura\u00f1o?<\/p>\n","protected":false},"excerpt":{"rendered":"<p>Dicen que el pirata Malacaca es hura\u00f1o, aunque su verdadero problema es que no va al ba\u00f1o. Sus pedos son como una tormenta y \u00e9l se muere de verg\u00fcenza.<\/p>\n","protected":false},"featured_media":21431,"template":"","meta":[],"product_brand":[],"product_cat":[619,626],"product_tag":[1602,1633,1624],"class_list":{"0":"post-21446","1":"product","2":"type-product","3":"status-publish","4":"has-post-thumbnail","6":"colecciones-somos8-en","7":"edades-4-en","8":"product_cat-catalogue","9":"product_cat-picture-book","10":"product_tag-friendship","11":"product_tag-humor-en","12":"product_tag-scatological-books","14":"first","15":"instock","16":"taxable","17":"shipping-taxable","18":"product-type-simple"},"acf":[],"_links":{"self":[{"href":"https:\/\/www.nubeocho.com\/en\/wp-json\/wp\/v2\/product\/21446","targetHints":{"allow":["GET"]}}],"collection":[{"href":"https:\/\/www.nubeocho.com\/en\/wp-json\/wp\/v2\/product"}],"about":[{"href":"https:\/\/www.nubeocho.com\/en\/wp-json\/wp\/v2\/types\/product"}],"wp:featuredmedia":[{"embeddable":true,"href":"https:\/\/www.nubeocho.com\/en\/wp-json\/wp\/v2\/media\/21431"}],"wp:attachment":[{"href":"https:\/\/www.nubeocho.com\/en\/wp-json\/wp\/v2\/media?parent=21446"}],"wp:term":[{"taxonomy":"product_brand","embeddable":true,"href":"https:\/\/www.nubeocho.com\/en\/wp-json\/wp\/v2\/product_brand?post=21446"},{"taxonomy":"product_cat","embeddable":true,"href":"https:\/\/www.nubeocho.com\/en\/wp-json\/wp\/v2\/product_cat?post=21446"},{"taxonomy":"product_tag","embeddable":true,"href":"https:\/\/www.nubeocho.com\/en\/wp-json\/wp\/v2\/product_tag?post=21446"}],"curies":[{"name":"wp","href":"https:\/\/api.w.org\/{rel}","templated":true}]}}