{"id":21273,"date":"2025-05-12T09:30:23","date_gmt":"2025-05-12T07:30:23","guid":{"rendered":"https:\/\/www.nubeocho.com\/?post_type=product&#038;p=21273"},"modified":"2025-07-24T08:59:10","modified_gmt":"2025-07-24T06:59:10","slug":"el-viaje-de-abril","status":"publish","type":"product","link":"https:\/\/www.nubeocho.com\/en\/product\/el-viaje-de-abril\/","title":{"rendered":"El viaje de Abril"},"content":{"rendered":"<p>Abril debe abandonar las ruinas y la soledad que ha dejado la guerra y buscar un nuevo hogar. Solo lleva su mochila, llena de recuerdos.<\/p>\n<p>Tras caminar bajo lluvia y nieve, se encuentra con otro ni\u00f1o, Julio. Juntos escalan monta\u00f1as y duermen en casas abandonadas, hasta que llegan al mar. Sin rendirse, emprenden un nuevo y arriesgado viaje en busca de una oportunidad.<\/p>\n<p>Un \u00e1lbum para hablar de una realidad, por desgracia, demasiado com\u00fan: c\u00f3mo las guerras obligan a muchas ni\u00f1as y ni\u00f1os, que se han quedado solos, a abandonar sus hogares y viajar hacia lo desconocido.<\/p>\n","protected":false},"excerpt":{"rendered":"<p>Una ni\u00f1a y un ni\u00f1o se encuentran mientras huyen de la destrucci\u00f3n y la soledad de las bombas y la guerra. Solo los acompa\u00f1an sus peluches y sus mochilas, llenas de recuerdos.<\/p>\n","protected":false},"featured_media":20982,"template":"","meta":[],"product_brand":[],"product_cat":[619,626],"product_tag":[1615,1621,1645],"class_list":{"0":"post-21273","1":"product","2":"type-product","3":"status-publish","4":"has-post-thumbnail","6":"colecciones-egalite-en","7":"edades-4-en","8":"product_cat-catalogue","9":"product_cat-picture-book","10":"product_tag-diversity","11":"product_tag-emotions","12":"product_tag-help-us-to-think","14":"first","15":"instock","16":"taxable","17":"shipping-taxable","18":"product-type-simple"},"acf":[],"_links":{"self":[{"href":"https:\/\/www.nubeocho.com\/en\/wp-json\/wp\/v2\/product\/21273","targetHints":{"allow":["GET"]}}],"collection":[{"href":"https:\/\/www.nubeocho.com\/en\/wp-json\/wp\/v2\/product"}],"about":[{"href":"https:\/\/www.nubeocho.com\/en\/wp-json\/wp\/v2\/types\/product"}],"wp:featuredmedia":[{"embeddable":true,"href":"https:\/\/www.nubeocho.com\/en\/wp-json\/wp\/v2\/media\/20982"}],"wp:attachment":[{"href":"https:\/\/www.nubeocho.com\/en\/wp-json\/wp\/v2\/media?parent=21273"}],"wp:term":[{"taxonomy":"product_brand","embeddable":true,"href":"https:\/\/www.nubeocho.com\/en\/wp-json\/wp\/v2\/product_brand?post=21273"},{"taxonomy":"product_cat","embeddable":true,"href":"https:\/\/www.nubeocho.com\/en\/wp-json\/wp\/v2\/product_cat?post=21273"},{"taxonomy":"product_tag","embeddable":true,"href":"https:\/\/www.nubeocho.com\/en\/wp-json\/wp\/v2\/product_tag?post=21273"}],"curies":[{"name":"wp","href":"https:\/\/api.w.org\/{rel}","templated":true}]}}