{"id":21174,"date":"2025-04-11T11:20:40","date_gmt":"2025-04-11T09:20:40","guid":{"rendered":"https:\/\/www.nubeocho.com\/?post_type=product&#038;p=21174"},"modified":"2025-07-24T09:06:04","modified_gmt":"2025-07-24T07:06:04","slug":"los-chanchitos","status":"publish","type":"product","link":"https:\/\/www.nubeocho.com\/en\/product\/los-chanchitos\/","title":{"rendered":"Los Chanchitos"},"content":{"rendered":"<p>Los chanchos son animales felices, viven muy tranquilos. Pero, como todo el mundo, tambi\u00e9n se hacen preguntas, y una de ellas es por qu\u00e9 las ni\u00f1as y los ni\u00f1os solo cuentan ovejas para dormir, y no chanchitos. Hablan con las ovejas, quienes, muy orgullosas, les dicen que es un trabajo duro que ellos no saben hacer. Los chanchos deciden poner en marcha diferentes planes para demostrar que contando chanchitos se duerme tan bien, \u00a1o incluso mejor!, que contando ovejas.<\/p>\n","protected":false},"excerpt":{"rendered":"<p>Los chanchitos tienen sus inquietudes y aspiraciones. Una de ellas es que las ni\u00f1as y los ni\u00f1os dejen de contar ovejas y se duerman cont\u00e1ndolos a ellos. Pero \u00bfc\u00f3mo van a convencerlos?<\/p>\n","protected":false},"featured_media":21175,"template":"","meta":[],"product_brand":[],"product_cat":[619,626],"product_tag":[1615,1633],"class_list":{"0":"post-21174","1":"product","2":"type-product","3":"status-publish","4":"has-post-thumbnail","6":"colecciones-somos8-en","7":"edades-4-en","8":"product_cat-catalogue","9":"product_cat-picture-book","10":"product_tag-diversity","11":"product_tag-humor-en","13":"first","14":"instock","15":"taxable","16":"shipping-taxable","17":"product-type-simple"},"acf":[],"_links":{"self":[{"href":"https:\/\/www.nubeocho.com\/en\/wp-json\/wp\/v2\/product\/21174","targetHints":{"allow":["GET"]}}],"collection":[{"href":"https:\/\/www.nubeocho.com\/en\/wp-json\/wp\/v2\/product"}],"about":[{"href":"https:\/\/www.nubeocho.com\/en\/wp-json\/wp\/v2\/types\/product"}],"wp:featuredmedia":[{"embeddable":true,"href":"https:\/\/www.nubeocho.com\/en\/wp-json\/wp\/v2\/media\/21175"}],"wp:attachment":[{"href":"https:\/\/www.nubeocho.com\/en\/wp-json\/wp\/v2\/media?parent=21174"}],"wp:term":[{"taxonomy":"product_brand","embeddable":true,"href":"https:\/\/www.nubeocho.com\/en\/wp-json\/wp\/v2\/product_brand?post=21174"},{"taxonomy":"product_cat","embeddable":true,"href":"https:\/\/www.nubeocho.com\/en\/wp-json\/wp\/v2\/product_cat?post=21174"},{"taxonomy":"product_tag","embeddable":true,"href":"https:\/\/www.nubeocho.com\/en\/wp-json\/wp\/v2\/product_tag?post=21174"}],"curies":[{"name":"wp","href":"https:\/\/api.w.org\/{rel}","templated":true}]}}