{"id":21034,"date":"2025-03-17T09:32:41","date_gmt":"2025-03-17T08:32:41","guid":{"rendered":"https:\/\/www.nubeocho.com\/?post_type=product&#038;p=21034"},"modified":"2025-11-25T11:00:52","modified_gmt":"2025-11-25T10:00:52","slug":"vera-astronauta","status":"publish","type":"product","link":"https:\/\/www.nubeocho.com\/en\/product\/vera-astronauta\/","title":{"rendered":"Vera Astronauta"},"content":{"rendered":"<p>En la Gran Academia Espacial, donde se entrenan los futuros astronautas, hay muy pocas ni\u00f1as. Vera es una ni\u00f1a brillante y supera una prueba tras otra, pero hay algunos ni\u00f1os en su clase que piensan que una ni\u00f1a no deber\u00eda ser astronauta, y har\u00e1n lo que sea para imped\u00edrselo. \u00bfConseguir\u00e1 Vera superar todas las pruebas y viajar a Marte?<\/p>\n<p>Despu\u00e9s de\u00a0<em>Martina Futbolista<\/em>, Susanna Isern y Marta Moreno nos traen\u00a0<em>Vera Astronauta<\/em>,\u00a0un nuevo libro sobre la importancia de creer en nuestros sue\u00f1os y esforzarse por conseguirlos.<\/p>\n","protected":false},"excerpt":{"rendered":"<p>Vera es admitida en la Gran Academia Espacial. Pero entre todos los seleccionados solo hay otra chica, qu\u00e9 raro\u2026 \u00bfSolo los chicos quieren ser astronautas?<\/p>\n","protected":false},"featured_media":20966,"template":"","meta":[],"product_brand":[],"product_cat":[619,626],"product_tag":[1636],"class_list":{"0":"post-21034","1":"product","2":"type-product","3":"status-publish","4":"has-post-thumbnail","6":"edades-4-en","7":"product_cat-catalogue","8":"product_cat-picture-book","9":"product_tag-equality-feminism","11":"first","12":"instock","13":"taxable","14":"shipping-taxable","15":"product-type-simple"},"acf":[],"_links":{"self":[{"href":"https:\/\/www.nubeocho.com\/en\/wp-json\/wp\/v2\/product\/21034","targetHints":{"allow":["GET"]}}],"collection":[{"href":"https:\/\/www.nubeocho.com\/en\/wp-json\/wp\/v2\/product"}],"about":[{"href":"https:\/\/www.nubeocho.com\/en\/wp-json\/wp\/v2\/types\/product"}],"wp:featuredmedia":[{"embeddable":true,"href":"https:\/\/www.nubeocho.com\/en\/wp-json\/wp\/v2\/media\/20966"}],"wp:attachment":[{"href":"https:\/\/www.nubeocho.com\/en\/wp-json\/wp\/v2\/media?parent=21034"}],"wp:term":[{"taxonomy":"product_brand","embeddable":true,"href":"https:\/\/www.nubeocho.com\/en\/wp-json\/wp\/v2\/product_brand?post=21034"},{"taxonomy":"product_cat","embeddable":true,"href":"https:\/\/www.nubeocho.com\/en\/wp-json\/wp\/v2\/product_cat?post=21034"},{"taxonomy":"product_tag","embeddable":true,"href":"https:\/\/www.nubeocho.com\/en\/wp-json\/wp\/v2\/product_tag?post=21034"}],"curies":[{"name":"wp","href":"https:\/\/api.w.org\/{rel}","templated":true}]}}