{"id":21008,"date":"2025-03-11T08:56:47","date_gmt":"2025-03-11T07:56:47","guid":{"rendered":"https:\/\/www.nubeocho.com\/?post_type=product&#038;p=21008"},"modified":"2026-03-04T08:46:56","modified_gmt":"2026-03-04T07:46:56","slug":"sal-de-ahi-topo","status":"publish","type":"product","link":"https:\/\/www.nubeocho.com\/en\/product\/sal-de-ahi-topo\/","title":{"rendered":"\u00a1Sal de ah\u00ed, Topo!"},"content":{"rendered":"<p>Topo tiene una mala experiencia y se vuelve muy miedoso, tanto que se niega a salir de su acogedora madriguera. Mapache, Oso, Tej\u00f3n, Castor y Ardilla le proponen divertidas actividades que antes hac\u00edan juntos, pero no consiguen convencerlo. Aun as\u00ed, sus amigos no se dan por vencidos e idean un plan para que por fin deje atr\u00e1s sus miedos. \u00bfConseguir\u00e1n que Topo salga de su madriguera?<\/p>\n","protected":false},"excerpt":{"rendered":"<p>Topo tiene mucho miedo y no quiere salir de casa. Sus amigos le proponen planes divertidos, pero no hay manera: solo se siente a salvo en su madriguera.<\/p>\n","protected":false},"featured_media":20894,"template":"","meta":[],"product_brand":[],"product_cat":[619,626],"product_tag":[1621,1639,1602],"class_list":{"0":"post-21008","1":"product","2":"type-product","3":"status-publish","4":"has-post-thumbnail","6":"colecciones-somos8-en","7":"edades-3-en","8":"product_cat-catalogue","9":"product_cat-picture-book","10":"product_tag-emotions","11":"product_tag-fear","12":"product_tag-friendship","14":"first","15":"instock","16":"taxable","17":"shipping-taxable","18":"product-type-simple"},"acf":[],"_links":{"self":[{"href":"https:\/\/www.nubeocho.com\/en\/wp-json\/wp\/v2\/product\/21008","targetHints":{"allow":["GET"]}}],"collection":[{"href":"https:\/\/www.nubeocho.com\/en\/wp-json\/wp\/v2\/product"}],"about":[{"href":"https:\/\/www.nubeocho.com\/en\/wp-json\/wp\/v2\/types\/product"}],"wp:featuredmedia":[{"embeddable":true,"href":"https:\/\/www.nubeocho.com\/en\/wp-json\/wp\/v2\/media\/20894"}],"wp:attachment":[{"href":"https:\/\/www.nubeocho.com\/en\/wp-json\/wp\/v2\/media?parent=21008"}],"wp:term":[{"taxonomy":"product_brand","embeddable":true,"href":"https:\/\/www.nubeocho.com\/en\/wp-json\/wp\/v2\/product_brand?post=21008"},{"taxonomy":"product_cat","embeddable":true,"href":"https:\/\/www.nubeocho.com\/en\/wp-json\/wp\/v2\/product_cat?post=21008"},{"taxonomy":"product_tag","embeddable":true,"href":"https:\/\/www.nubeocho.com\/en\/wp-json\/wp\/v2\/product_tag?post=21008"}],"curies":[{"name":"wp","href":"https:\/\/api.w.org\/{rel}","templated":true}]}}