{"id":20938,"date":"2025-03-03T11:34:24","date_gmt":"2025-03-03T10:34:24","guid":{"rendered":"https:\/\/www.nubeocho.com\/?post_type=product&#038;p=20938"},"modified":"2025-04-01T12:49:15","modified_gmt":"2025-04-01T10:49:15","slug":"el-tejado-de-benito","status":"publish","type":"product","link":"https:\/\/www.nubeocho.com\/en\/product\/el-tejado-de-benito\/","title":{"rendered":"El tejado de Benito"},"content":{"rendered":"<p>El tejado de Benito es el tejado favorito de Gato, le encanta pasear por sus tejas. Pero\u2026 \u00a1un momento! tambi\u00e9n es el tejado favorito de Rat\u00f3n. Y de Zorro y de Ardilla y de B\u00faho, Polilla, Erizo, Eriza, Eriz\u00f3n y Pulga. Todos se encuentran encima del tejado, y no les gusta nada tener que compartirlo. Comienzan a discutir y discutir, hasta que, de repente, oyen un enorme crujido\u2026<\/p>\n","protected":false},"excerpt":{"rendered":"<p>El tejado de Benito es el sitio favorito de muchos animales, pero cada uno piensa que es\u2026 \u00a1su tejado! Nadie quiere irse, pero \u00bfqu\u00e9 ocurrir\u00e1 cuando no quepa ni una pulga?<\/p>\n","protected":false},"featured_media":20913,"template":"","meta":[],"product_brand":[],"product_cat":[619,626],"product_tag":[1615,1602,1633],"class_list":{"0":"post-20938","1":"product","2":"type-product","3":"status-publish","4":"has-post-thumbnail","6":"colecciones-somos8-en","7":"edades-3-en","8":"product_cat-catalogue","9":"product_cat-picture-book","10":"product_tag-diversity","11":"product_tag-friendship","12":"product_tag-humor-en","14":"first","15":"instock","16":"taxable","17":"shipping-taxable","18":"product-type-simple"},"acf":[],"_links":{"self":[{"href":"https:\/\/www.nubeocho.com\/en\/wp-json\/wp\/v2\/product\/20938","targetHints":{"allow":["GET"]}}],"collection":[{"href":"https:\/\/www.nubeocho.com\/en\/wp-json\/wp\/v2\/product"}],"about":[{"href":"https:\/\/www.nubeocho.com\/en\/wp-json\/wp\/v2\/types\/product"}],"wp:featuredmedia":[{"embeddable":true,"href":"https:\/\/www.nubeocho.com\/en\/wp-json\/wp\/v2\/media\/20913"}],"wp:attachment":[{"href":"https:\/\/www.nubeocho.com\/en\/wp-json\/wp\/v2\/media?parent=20938"}],"wp:term":[{"taxonomy":"product_brand","embeddable":true,"href":"https:\/\/www.nubeocho.com\/en\/wp-json\/wp\/v2\/product_brand?post=20938"},{"taxonomy":"product_cat","embeddable":true,"href":"https:\/\/www.nubeocho.com\/en\/wp-json\/wp\/v2\/product_cat?post=20938"},{"taxonomy":"product_tag","embeddable":true,"href":"https:\/\/www.nubeocho.com\/en\/wp-json\/wp\/v2\/product_tag?post=20938"}],"curies":[{"name":"wp","href":"https:\/\/api.w.org\/{rel}","templated":true}]}}