{"id":20868,"date":"2025-02-17T14:05:57","date_gmt":"2025-02-17T13:05:57","guid":{"rendered":"https:\/\/www.nubeocho.com\/?post_type=product&#038;p=20868"},"modified":"2025-04-30T12:39:53","modified_gmt":"2025-04-30T10:39:53","slug":"telebanana","status":"publish","type":"product","link":"https:\/\/www.nubeocho.com\/en\/product\/telebanana\/","title":{"rendered":"Telebanana"},"content":{"rendered":"<p>Mono se est\u00e1 haciendo rico con su empresa de comida a domicilio en la selva: Telebanana. Los animales pasan tanto tiempo con el ordenador, las consolas y\u00a0 las tabletas, que ni siquiera se molestan en cazar o buscar comida. Mono no para de trabajar, tiene much\u00edsimos pedidos cada d\u00eda pero\u2026 est\u00e1 cada vez m\u00e1s cansado y echa de menos comer un pl\u00e1tano tranquilamente en el r\u00edo con su amigo Hipop\u00f3tamo.<\/p>\n","protected":false},"excerpt":{"rendered":"<p class=\"p2\">Los animales est\u00e1n tan pendientes de sus m\u00f3viles y consolas, \u00a1que se les olvida hasta comer! A Mono se le ocurre una gran idea: crear un servicio de comida a domicilio.<\/p>\n","protected":false},"featured_media":20869,"template":"","meta":[],"product_brand":[],"product_cat":[619,626],"product_tag":[1602,1645,1633],"class_list":{"0":"post-20868","1":"product","2":"type-product","3":"status-publish","4":"has-post-thumbnail","6":"colecciones-somos8-en","7":"edades-3-en","8":"product_cat-catalogue","9":"product_cat-picture-book","10":"product_tag-friendship","11":"product_tag-help-us-to-think","12":"product_tag-humor-en","14":"first","15":"instock","16":"taxable","17":"shipping-taxable","18":"product-type-simple"},"acf":[],"_links":{"self":[{"href":"https:\/\/www.nubeocho.com\/en\/wp-json\/wp\/v2\/product\/20868","targetHints":{"allow":["GET"]}}],"collection":[{"href":"https:\/\/www.nubeocho.com\/en\/wp-json\/wp\/v2\/product"}],"about":[{"href":"https:\/\/www.nubeocho.com\/en\/wp-json\/wp\/v2\/types\/product"}],"wp:featuredmedia":[{"embeddable":true,"href":"https:\/\/www.nubeocho.com\/en\/wp-json\/wp\/v2\/media\/20869"}],"wp:attachment":[{"href":"https:\/\/www.nubeocho.com\/en\/wp-json\/wp\/v2\/media?parent=20868"}],"wp:term":[{"taxonomy":"product_brand","embeddable":true,"href":"https:\/\/www.nubeocho.com\/en\/wp-json\/wp\/v2\/product_brand?post=20868"},{"taxonomy":"product_cat","embeddable":true,"href":"https:\/\/www.nubeocho.com\/en\/wp-json\/wp\/v2\/product_cat?post=20868"},{"taxonomy":"product_tag","embeddable":true,"href":"https:\/\/www.nubeocho.com\/en\/wp-json\/wp\/v2\/product_tag?post=20868"}],"curies":[{"name":"wp","href":"https:\/\/api.w.org\/{rel}","templated":true}]}}