{"id":20817,"date":"2025-02-03T11:50:49","date_gmt":"2025-02-03T10:50:49","guid":{"rendered":"https:\/\/www.nubeocho.com\/?post_type=product&#038;p=20817"},"modified":"2025-08-28T09:02:58","modified_gmt":"2025-08-28T07:02:58","slug":"no-quiero-ir-a-la-escuela","status":"publish","type":"product","link":"https:\/\/www.nubeocho.com\/en\/product\/no-quiero-ir-a-la-escuela\/","title":{"rendered":"No quiero ir a la escuela"},"content":{"rendered":"<p>Jon\u00e1s cree que volver a la guarder\u00eda como su hermana Lena es mucho m\u00e1s divertido que ir a la escuela, pero pronto se da cuenta de que la guarder\u00eda est\u00e1 llena de beb\u00e9s llenos de mocos que solo lloran y le quitan los juguetes.<br \/>\nDespu\u00e9s, intenta trabajar como mam\u00e1 y pap\u00e1 porque est\u00e1 convencido de que se lo pasan mejor que \u00e9l, pero resulta que tienen muchas obligaciones y hacen un mont\u00f3n de cosas aburridas\u2026<br \/>\nAl final de un d\u00eda tan ajetreado, Jon\u00e1s est\u00e1 muy cansado. Quiz\u00e1 en la escuela no se est\u00e1 tan mal\u2026<\/p>\n","protected":false},"excerpt":{"rendered":"<p>Jon\u00e1s tiene claro que el cole es aburrido. \u00c9l prefiere ir a la guarder\u00eda como su hermana o trabajar como pap\u00e1 y mam\u00e1, pero \u00bfseguro que eso es m\u00e1s divertido que el cole?<\/p>\n","protected":false},"featured_media":20818,"template":"","meta":[],"product_brand":[],"product_cat":[619,626],"product_tag":[1621,1627,1606],"class_list":{"0":"post-20817","1":"product","2":"type-product","3":"status-publish","4":"has-post-thumbnail","6":"colecciones-somos8-en","7":"edades-4-en","8":"product_cat-catalogue","9":"product_cat-picture-book","10":"product_tag-emotions","11":"product_tag-family","12":"product_tag-international-authors","14":"first","15":"instock","16":"taxable","17":"shipping-taxable","18":"product-type-simple"},"acf":[],"_links":{"self":[{"href":"https:\/\/www.nubeocho.com\/en\/wp-json\/wp\/v2\/product\/20817","targetHints":{"allow":["GET"]}}],"collection":[{"href":"https:\/\/www.nubeocho.com\/en\/wp-json\/wp\/v2\/product"}],"about":[{"href":"https:\/\/www.nubeocho.com\/en\/wp-json\/wp\/v2\/types\/product"}],"wp:featuredmedia":[{"embeddable":true,"href":"https:\/\/www.nubeocho.com\/en\/wp-json\/wp\/v2\/media\/20818"}],"wp:attachment":[{"href":"https:\/\/www.nubeocho.com\/en\/wp-json\/wp\/v2\/media?parent=20817"}],"wp:term":[{"taxonomy":"product_brand","embeddable":true,"href":"https:\/\/www.nubeocho.com\/en\/wp-json\/wp\/v2\/product_brand?post=20817"},{"taxonomy":"product_cat","embeddable":true,"href":"https:\/\/www.nubeocho.com\/en\/wp-json\/wp\/v2\/product_cat?post=20817"},{"taxonomy":"product_tag","embeddable":true,"href":"https:\/\/www.nubeocho.com\/en\/wp-json\/wp\/v2\/product_tag?post=20817"}],"curies":[{"name":"wp","href":"https:\/\/api.w.org\/{rel}","templated":true}]}}