{"id":20657,"date":"2025-01-27T09:19:50","date_gmt":"2025-01-27T08:19:50","guid":{"rendered":"https:\/\/www.nubeocho.com\/?post_type=product&#038;p=20657"},"modified":"2025-10-17T13:16:41","modified_gmt":"2025-10-17T11:16:41","slug":"todos-los-besos-del-mundo","status":"publish","type":"product","link":"https:\/\/www.nubeocho.com\/en\/product\/todos-los-besos-del-mundo\/","title":{"rendered":"Todos los besos del mundo"},"content":{"rendered":"<p class=\"ql-align-justify\">\u00a1Hay muchos tipos de besos!<\/p>\n<p class=\"ql-align-justify\">Besos grandes y peque\u00f1itos, besotes, besazos. Pueden ser besos de enamorados o los m\u00e1s tristes, los de despedida. Tambi\u00e9n hay besos divertidos, que hacen cosquillas, como los de las mascotas.<\/p>\n<p class=\"ql-align-justify\">Los besos suenan diferente seg\u00fan el idioma: smuack, ch\u016b o mua. Y se puede dar uno, dos \u00a1o tres, como en algunos lugares de Francia! Los de los padres calman y los de los abuelos son dulces. Hay un beso para cada ocasi\u00f3n y besos que nunca se olvidan.<\/p>\n","protected":false},"excerpt":{"rendered":"<p>\u00bfA qui\u00e9n no le gustan los besos? Hay para todos los gustos, los de la ma\u00f1ana y los de la noche, besos de pel\u00edcula, de despedida y los besos de la t\u00eda.<\/p>\n","protected":false},"featured_media":20673,"template":"","meta":[],"product_brand":[],"product_cat":[619,626],"product_tag":[1621,1627,1602],"class_list":{"0":"post-20657","1":"product","2":"type-product","3":"status-publish","4":"has-post-thumbnail","6":"colecciones-somos8-en","7":"edades-3-en","8":"product_cat-catalogue","9":"product_cat-picture-book","10":"product_tag-emotions","11":"product_tag-family","12":"product_tag-friendship","14":"first","15":"instock","16":"taxable","17":"shipping-taxable","18":"product-type-simple"},"acf":[],"_links":{"self":[{"href":"https:\/\/www.nubeocho.com\/en\/wp-json\/wp\/v2\/product\/20657","targetHints":{"allow":["GET"]}}],"collection":[{"href":"https:\/\/www.nubeocho.com\/en\/wp-json\/wp\/v2\/product"}],"about":[{"href":"https:\/\/www.nubeocho.com\/en\/wp-json\/wp\/v2\/types\/product"}],"wp:featuredmedia":[{"embeddable":true,"href":"https:\/\/www.nubeocho.com\/en\/wp-json\/wp\/v2\/media\/20673"}],"wp:attachment":[{"href":"https:\/\/www.nubeocho.com\/en\/wp-json\/wp\/v2\/media?parent=20657"}],"wp:term":[{"taxonomy":"product_brand","embeddable":true,"href":"https:\/\/www.nubeocho.com\/en\/wp-json\/wp\/v2\/product_brand?post=20657"},{"taxonomy":"product_cat","embeddable":true,"href":"https:\/\/www.nubeocho.com\/en\/wp-json\/wp\/v2\/product_cat?post=20657"},{"taxonomy":"product_tag","embeddable":true,"href":"https:\/\/www.nubeocho.com\/en\/wp-json\/wp\/v2\/product_tag?post=20657"}],"curies":[{"name":"wp","href":"https:\/\/api.w.org\/{rel}","templated":true}]}}