{"id":20473,"date":"2024-10-25T08:49:38","date_gmt":"2024-10-25T06:49:38","guid":{"rendered":"https:\/\/www.nubeocho.com\/?post_type=product&#038;p=20473"},"modified":"2025-11-18T13:05:51","modified_gmt":"2025-11-18T12:05:51","slug":"martin-parlanchin","status":"publish","type":"product","link":"https:\/\/www.nubeocho.com\/en\/product\/martin-parlanchin\/","title":{"rendered":"Mart\u00edn Parlanch\u00edn"},"content":{"rendered":"<p>Mart\u00edn habla y habla y habla sin parar. Canta canciones, recita trabalenguas y contesta a todas las preguntas del profesor. A veces habla cuando debe y otras cuando no. Algunos desear\u00edan que de vez en cuando estuviese en silencio. Hasta que una ma\u00f1ana se levanta sin voz. \u00bfQu\u00e9 le pasa a Mart\u00edn?<\/p>\n","protected":false},"excerpt":{"rendered":"<p>Cuando Mart\u00edn empieza a hablar, no para. Habla todo el rato, continuamente, siempre tiene algo que decir, \u00a1incluso en sue\u00f1os!<\/p>\n","protected":false},"featured_media":20452,"template":"","meta":[],"product_brand":[],"product_cat":[619,626],"product_tag":[1615,1627,1639,1602],"class_list":{"0":"post-20473","1":"product","2":"type-product","3":"status-publish","4":"has-post-thumbnail","6":"colecciones-somos8-en","7":"edades-3-en","8":"product_cat-catalogue","9":"product_cat-picture-book","10":"product_tag-diversity","11":"product_tag-family","12":"product_tag-fear","13":"product_tag-friendship","15":"first","16":"instock","17":"taxable","18":"shipping-taxable","19":"product-type-simple"},"acf":[],"_links":{"self":[{"href":"https:\/\/www.nubeocho.com\/en\/wp-json\/wp\/v2\/product\/20473","targetHints":{"allow":["GET"]}}],"collection":[{"href":"https:\/\/www.nubeocho.com\/en\/wp-json\/wp\/v2\/product"}],"about":[{"href":"https:\/\/www.nubeocho.com\/en\/wp-json\/wp\/v2\/types\/product"}],"wp:featuredmedia":[{"embeddable":true,"href":"https:\/\/www.nubeocho.com\/en\/wp-json\/wp\/v2\/media\/20452"}],"wp:attachment":[{"href":"https:\/\/www.nubeocho.com\/en\/wp-json\/wp\/v2\/media?parent=20473"}],"wp:term":[{"taxonomy":"product_brand","embeddable":true,"href":"https:\/\/www.nubeocho.com\/en\/wp-json\/wp\/v2\/product_brand?post=20473"},{"taxonomy":"product_cat","embeddable":true,"href":"https:\/\/www.nubeocho.com\/en\/wp-json\/wp\/v2\/product_cat?post=20473"},{"taxonomy":"product_tag","embeddable":true,"href":"https:\/\/www.nubeocho.com\/en\/wp-json\/wp\/v2\/product_tag?post=20473"}],"curies":[{"name":"wp","href":"https:\/\/api.w.org\/{rel}","templated":true}]}}