{"id":20416,"date":"2024-10-15T11:40:23","date_gmt":"2024-10-15T09:40:23","guid":{"rendered":"https:\/\/www.nubeocho.com\/?post_type=product&#038;p=20416"},"modified":"2025-04-11T09:48:48","modified_gmt":"2025-04-11T07:48:48","slug":"olivia-wolf-la-asombrosa-maquina-del-tiempo","status":"publish","type":"product","link":"https:\/\/www.nubeocho.com\/en\/product\/olivia-wolf-la-asombrosa-maquina-del-tiempo\/","title":{"rendered":"Olivia Wolf. La asombrosa m\u00e1quina del tiempo"},"content":{"rendered":"<p>Hoy se celebra un concurso de inventos en el cole de Olivia. Todos sus amigos aparecen con sus disparatadas creaciones. Mario Momia no tiene muy buena cara\u2026 \u00a1Ha contra\u00eddo la fiebre del Nilo! Para curarse tendr\u00e1 que mirar fijamente el ojo de la estatua del rey Ra en la pir\u00e1mide de Keops. El problema es que el ojo\u2026 \u00a1est\u00e1 en el pasado! Olivia y sus amigos no dudan ni un momento en tirarse por el tobog\u00e1n-m\u00e1quina del tiempo de Vane y enfrentarse a los terribles peligros de esta misi\u00f3n para ayudar a su amigo. Quiz\u00e1 sus nuevos inventos puedan ayudarles\u2026<\/p>\n","protected":false},"excerpt":{"rendered":"<p>Olivia y su pandilla de amigos monstruosos viajan en el tiempo hasta Egipto para ayudar a Mario Momia a curarse de la fiebre del Nilo.<\/p>\n","protected":false},"featured_media":20400,"template":"","meta":[],"product_brand":[],"product_cat":[619,620],"product_tag":[1602],"class_list":{"0":"post-20416","1":"product","2":"type-product","3":"status-publish","4":"has-post-thumbnail","6":"colecciones-comic-en","7":"edades-7-en","8":"product_cat-catalogue","9":"product_cat-comic-en","10":"product_tag-friendship","12":"first","13":"instock","14":"taxable","15":"shipping-taxable","16":"product-type-simple"},"acf":[],"_links":{"self":[{"href":"https:\/\/www.nubeocho.com\/en\/wp-json\/wp\/v2\/product\/20416","targetHints":{"allow":["GET"]}}],"collection":[{"href":"https:\/\/www.nubeocho.com\/en\/wp-json\/wp\/v2\/product"}],"about":[{"href":"https:\/\/www.nubeocho.com\/en\/wp-json\/wp\/v2\/types\/product"}],"wp:featuredmedia":[{"embeddable":true,"href":"https:\/\/www.nubeocho.com\/en\/wp-json\/wp\/v2\/media\/20400"}],"wp:attachment":[{"href":"https:\/\/www.nubeocho.com\/en\/wp-json\/wp\/v2\/media?parent=20416"}],"wp:term":[{"taxonomy":"product_brand","embeddable":true,"href":"https:\/\/www.nubeocho.com\/en\/wp-json\/wp\/v2\/product_brand?post=20416"},{"taxonomy":"product_cat","embeddable":true,"href":"https:\/\/www.nubeocho.com\/en\/wp-json\/wp\/v2\/product_cat?post=20416"},{"taxonomy":"product_tag","embeddable":true,"href":"https:\/\/www.nubeocho.com\/en\/wp-json\/wp\/v2\/product_tag?post=20416"}],"curies":[{"name":"wp","href":"https:\/\/api.w.org\/{rel}","templated":true}]}}