{"id":20368,"date":"2024-10-07T12:22:05","date_gmt":"2024-10-07T10:22:05","guid":{"rendered":"https:\/\/www.nubeocho.com\/?post_type=product&#038;p=20368"},"modified":"2025-04-03T09:33:24","modified_gmt":"2025-04-03T07:33:24","slug":"cuando-me-converti-en-lombriz","status":"publish","type":"product","link":"https:\/\/www.nubeocho.com\/en\/product\/cuando-me-converti-en-lombriz\/","title":{"rendered":"Cuando me convert\u00ed en lombriz"},"content":{"rendered":"<p>Rita estaba jugando en el huerto, cuando de repente\u2026 \u00a1se convirti\u00f3 en lombriz! Ahora se arrastra por el suelo y las plantas a su alrededor son enormes. Cuando se pregunta qu\u00e9 ha pasado e intenta volver a ser una ni\u00f1a, conoce al saltamontes Grog, que le presenta a la escarabaja Lu y a la hormiga Lila. Ellas la ayudar\u00e1n a llegar a Bosquepatata, donde se encuentra el Deslombrizador que puede volver a convertirla en ni\u00f1a. Pero antes tendr\u00e1n que superar varias pruebas: adivinar acertijos, encontrar el mejor camino en un mapa, seguir pistas y resolver misterios.<\/p>\n","protected":false},"excerpt":{"rendered":"<p>Rita se ha convertido en lombriz. \u00bfQu\u00e9 ha ocurrido? Y ahora, \u00bfqu\u00e9 puede hacer? \u00bfQuieres ayudarla a ser humana otra vez?<\/p>\n","protected":false},"featured_media":20359,"template":"","meta":[],"product_brand":[],"product_cat":[619,626],"product_tag":[1602],"class_list":{"0":"post-20368","1":"product","2":"type-product","3":"status-publish","4":"has-post-thumbnail","6":"colecciones-somos8-en","7":"edades-4-en","8":"product_cat-catalogue","9":"product_cat-picture-book","10":"product_tag-friendship","12":"first","13":"instock","14":"taxable","15":"shipping-taxable","16":"product-type-simple"},"acf":[],"_links":{"self":[{"href":"https:\/\/www.nubeocho.com\/en\/wp-json\/wp\/v2\/product\/20368","targetHints":{"allow":["GET"]}}],"collection":[{"href":"https:\/\/www.nubeocho.com\/en\/wp-json\/wp\/v2\/product"}],"about":[{"href":"https:\/\/www.nubeocho.com\/en\/wp-json\/wp\/v2\/types\/product"}],"wp:featuredmedia":[{"embeddable":true,"href":"https:\/\/www.nubeocho.com\/en\/wp-json\/wp\/v2\/media\/20359"}],"wp:attachment":[{"href":"https:\/\/www.nubeocho.com\/en\/wp-json\/wp\/v2\/media?parent=20368"}],"wp:term":[{"taxonomy":"product_brand","embeddable":true,"href":"https:\/\/www.nubeocho.com\/en\/wp-json\/wp\/v2\/product_brand?post=20368"},{"taxonomy":"product_cat","embeddable":true,"href":"https:\/\/www.nubeocho.com\/en\/wp-json\/wp\/v2\/product_cat?post=20368"},{"taxonomy":"product_tag","embeddable":true,"href":"https:\/\/www.nubeocho.com\/en\/wp-json\/wp\/v2\/product_tag?post=20368"}],"curies":[{"name":"wp","href":"https:\/\/api.w.org\/{rel}","templated":true}]}}