{"id":20249,"date":"2024-09-30T11:41:24","date_gmt":"2024-09-30T09:41:24","guid":{"rendered":"https:\/\/www.nubeocho.com\/?post_type=product&#038;p=20249"},"modified":"2026-03-04T08:43:36","modified_gmt":"2026-03-04T07:43:36","slug":"los-pantalones-de-luisa","status":"publish","type":"product","link":"https:\/\/www.nubeocho.com\/en\/product\/los-pantalones-de-luisa\/","title":{"rendered":"Los pantalones de Luisa"},"content":{"rendered":"<p>Luisa era una ni\u00f1a valiente que, desde bien peque\u00f1a, luch\u00f3 por lo que cre\u00eda justo defendiendo la igualdad. Vivi\u00f3 en Puerto Rico una \u00e9poca en la que las mujeres deb\u00edan llevar falda, a pesar de que en muchas ocasiones fuera inc\u00f3moda y no les permitiera moverse con libertad. Luisa decidi\u00f3 cambiarlo, la soluci\u00f3n era tan sencilla como ponerse unos pantalones, pero \u00bfestuvieron todos de acuerdo con su decisi\u00f3n?<\/p>\n","protected":false},"excerpt":{"rendered":"<p>Luisa Capetillo decide romper las normas de su \u00e9poca con un sencillo pero revolucionario gesto: ponerse pantalones. Una acci\u00f3n valiente que inici\u00f3 una revoluci\u00f3n.<\/p>\n","protected":false},"featured_media":20224,"template":"","meta":[],"product_brand":[],"product_cat":[619,626],"product_tag":[1636],"class_list":{"0":"post-20249","1":"product","2":"type-product","3":"status-publish","4":"has-post-thumbnail","6":"product_cat-catalogue","7":"product_cat-picture-book","8":"product_tag-equality-feminism","10":"first","11":"instock","12":"taxable","13":"shipping-taxable","14":"product-type-simple"},"acf":[],"_links":{"self":[{"href":"https:\/\/www.nubeocho.com\/en\/wp-json\/wp\/v2\/product\/20249","targetHints":{"allow":["GET"]}}],"collection":[{"href":"https:\/\/www.nubeocho.com\/en\/wp-json\/wp\/v2\/product"}],"about":[{"href":"https:\/\/www.nubeocho.com\/en\/wp-json\/wp\/v2\/types\/product"}],"wp:featuredmedia":[{"embeddable":true,"href":"https:\/\/www.nubeocho.com\/en\/wp-json\/wp\/v2\/media\/20224"}],"wp:attachment":[{"href":"https:\/\/www.nubeocho.com\/en\/wp-json\/wp\/v2\/media?parent=20249"}],"wp:term":[{"taxonomy":"product_brand","embeddable":true,"href":"https:\/\/www.nubeocho.com\/en\/wp-json\/wp\/v2\/product_brand?post=20249"},{"taxonomy":"product_cat","embeddable":true,"href":"https:\/\/www.nubeocho.com\/en\/wp-json\/wp\/v2\/product_cat?post=20249"},{"taxonomy":"product_tag","embeddable":true,"href":"https:\/\/www.nubeocho.com\/en\/wp-json\/wp\/v2\/product_tag?post=20249"}],"curies":[{"name":"wp","href":"https:\/\/api.w.org\/{rel}","templated":true}]}}