{"id":20184,"date":"2024-09-24T10:01:32","date_gmt":"2024-09-24T08:01:32","guid":{"rendered":"https:\/\/www.nubeocho.com\/?post_type=product&#038;p=20184"},"modified":"2025-03-24T14:08:48","modified_gmt":"2025-03-24T13:08:48","slug":"nestor-el-castor","status":"publish","type":"product","link":"https:\/\/www.nubeocho.com\/en\/product\/nestor-el-castor\/","title":{"rendered":"N\u00e9stor el castor"},"content":{"rendered":"<p>Nestor the beaver is a great inventor.<\/p>\n<p>His friend Rafa the giraffe asks him for help: \u201cMy well ran dry. There is no water to drink.\u201d<\/p>\n<p>N\u00e9stor thinks, N\u00e9stor invents, N\u00e9stor searches, N\u00e9stor finds!<\/p>\n","protected":false},"excerpt":{"rendered":"<p>Rafa the giraffe is in trouble, he needs help. Thank goodness his friend N\u00e9stor the beaver is a great inventor.<\/p>\n","protected":false},"featured_media":20180,"template":"","meta":[],"product_brand":[],"product_cat":[621,619],"product_tag":[1648,1602,1612],"class_list":{"0":"post-20184","1":"product","2":"type-product","3":"status-publish","4":"has-post-thumbnail","6":"colecciones-nube-de-carton","7":"edades-0-en","8":"product_cat-board-book","9":"product_cat-catalogue","10":"product_tag-board-book","11":"product_tag-friendship","12":"product_tag-musical-book","14":"first","15":"instock","16":"taxable","17":"shipping-taxable","18":"product-type-simple"},"acf":[],"_links":{"self":[{"href":"https:\/\/www.nubeocho.com\/en\/wp-json\/wp\/v2\/product\/20184","targetHints":{"allow":["GET"]}}],"collection":[{"href":"https:\/\/www.nubeocho.com\/en\/wp-json\/wp\/v2\/product"}],"about":[{"href":"https:\/\/www.nubeocho.com\/en\/wp-json\/wp\/v2\/types\/product"}],"wp:featuredmedia":[{"embeddable":true,"href":"https:\/\/www.nubeocho.com\/en\/wp-json\/wp\/v2\/media\/20180"}],"wp:attachment":[{"href":"https:\/\/www.nubeocho.com\/en\/wp-json\/wp\/v2\/media?parent=20184"}],"wp:term":[{"taxonomy":"product_brand","embeddable":true,"href":"https:\/\/www.nubeocho.com\/en\/wp-json\/wp\/v2\/product_brand?post=20184"},{"taxonomy":"product_cat","embeddable":true,"href":"https:\/\/www.nubeocho.com\/en\/wp-json\/wp\/v2\/product_cat?post=20184"},{"taxonomy":"product_tag","embeddable":true,"href":"https:\/\/www.nubeocho.com\/en\/wp-json\/wp\/v2\/product_tag?post=20184"}],"curies":[{"name":"wp","href":"https:\/\/api.w.org\/{rel}","templated":true}]}}