{"id":19821,"date":"2024-04-15T11:29:42","date_gmt":"2024-04-15T09:29:42","guid":{"rendered":"https:\/\/www.nubeocho.com\/?post_type=product&#038;p=19821"},"modified":"2025-05-05T08:51:30","modified_gmt":"2025-05-05T06:51:30","slug":"el-viaje-de-candela","status":"publish","type":"product","link":"https:\/\/www.nubeocho.com\/en\/product\/el-viaje-de-candela\/","title":{"rendered":"El viaje de Candela"},"content":{"rendered":"<p>Candela no sabe qu\u00e9 animal es, acaba de nacer y no hay nadie como ella cerca. Se encuentra con Grillo y Polilla, quienes le explican que es un insecto, pero no recuerdan cu\u00e1l. Ella cree que puede ser una estrella porque tiene luz, como las que ven en el cielo.<\/p>\n<p>Esa misma noche, una ni\u00f1a sale de casa con su farol persiguiendo las peque\u00f1as luces que iluminan el bosque. En la oscuridad se encontrar\u00e1n y se har\u00e1n amigas. \u00bfAyudar\u00e1 la ni\u00f1a a Candela a entender qui\u00e9n es?<\/p>\n","protected":false},"excerpt":{"rendered":"<p>Candela acaba de nacer y no sabe bien qu\u00e9 o qui\u00e9n es. \u00bfSer\u00e1 una estrella? Al fin y al cabo, tiene luz como ellas.<\/p>\n","protected":false},"featured_media":19796,"template":"","meta":[],"product_brand":[],"product_cat":[619,626],"product_tag":[1615,1627,1602,1606],"class_list":{"0":"post-19821","1":"product","2":"type-product","3":"status-publish","4":"has-post-thumbnail","6":"colecciones-somos8-en","7":"edades-3-en","8":"product_cat-catalogue","9":"product_cat-picture-book","10":"product_tag-diversity","11":"product_tag-family","12":"product_tag-friendship","13":"product_tag-international-authors","15":"first","16":"instock","17":"taxable","18":"shipping-taxable","19":"product-type-simple"},"acf":[],"_links":{"self":[{"href":"https:\/\/www.nubeocho.com\/en\/wp-json\/wp\/v2\/product\/19821","targetHints":{"allow":["GET"]}}],"collection":[{"href":"https:\/\/www.nubeocho.com\/en\/wp-json\/wp\/v2\/product"}],"about":[{"href":"https:\/\/www.nubeocho.com\/en\/wp-json\/wp\/v2\/types\/product"}],"wp:featuredmedia":[{"embeddable":true,"href":"https:\/\/www.nubeocho.com\/en\/wp-json\/wp\/v2\/media\/19796"}],"wp:attachment":[{"href":"https:\/\/www.nubeocho.com\/en\/wp-json\/wp\/v2\/media?parent=19821"}],"wp:term":[{"taxonomy":"product_brand","embeddable":true,"href":"https:\/\/www.nubeocho.com\/en\/wp-json\/wp\/v2\/product_brand?post=19821"},{"taxonomy":"product_cat","embeddable":true,"href":"https:\/\/www.nubeocho.com\/en\/wp-json\/wp\/v2\/product_cat?post=19821"},{"taxonomy":"product_tag","embeddable":true,"href":"https:\/\/www.nubeocho.com\/en\/wp-json\/wp\/v2\/product_tag?post=19821"}],"curies":[{"name":"wp","href":"https:\/\/api.w.org\/{rel}","templated":true}]}}