{"id":19737,"date":"2024-03-31T13:57:05","date_gmt":"2024-03-31T11:57:05","guid":{"rendered":"https:\/\/www.nubeocho.com\/?post_type=product&#038;p=19737"},"modified":"2024-07-15T09:49:47","modified_gmt":"2024-07-15T07:49:47","slug":"caca-pedo-pis-manual-para-ir-al-bano","status":"publish","type":"product","link":"https:\/\/www.nubeocho.com\/en\/product\/caca-pedo-pis-manual-para-ir-al-bano\/","title":{"rendered":"CACA, PEDO, PIS. MANUAL PARA IR AL BA\u00d1O"},"content":{"rendered":"<p>Koala celebra su fiesta de cumplea\u00f1os. Hay juegos, globos y deliciosa comida y bebida. \u00a1Lo pasar\u00e1n genial! Pero hay que tener en cuenta otras necesidades\u2026<\/p>\n<p>Hay varias reglas para ir al ba\u00f1o: no esperar hasta el \u00faltimo momento (aunque lo est\u00e9s pasando genial) porque se te puede escapar, tirar de la cadena, llamar antes de entrar, cu\u00e1nto papel higi\u00e9nico utilizar\u2026\u00a0y otros muchos consejos.<\/p>\n","protected":false},"excerpt":{"rendered":"<p>Una manera muy divertida de dar \u00fatiles consejos a las ni\u00f1as y ni\u00f1os a la hora de ir al ba\u00f1o.<\/p>\n","protected":false},"featured_media":19695,"template":"","meta":[],"product_brand":[],"product_cat":[619,626],"product_tag":[1470,1432,1494,1452],"class_list":{"0":"post-19737","1":"product","2":"type-product","3":"status-publish","4":"has-post-thumbnail","6":"colecciones-somos8-en","7":"edades-5-en","8":"product_cat-catalogue","9":"product_cat-picture-book","10":"product_tag-amistad","11":"product_tag-emociones","12":"product_tag-escatologicos","13":"product_tag-familia","15":"first","16":"instock","17":"taxable","18":"shipping-taxable","19":"product-type-simple"},"acf":[],"_links":{"self":[{"href":"https:\/\/www.nubeocho.com\/en\/wp-json\/wp\/v2\/product\/19737","targetHints":{"allow":["GET"]}}],"collection":[{"href":"https:\/\/www.nubeocho.com\/en\/wp-json\/wp\/v2\/product"}],"about":[{"href":"https:\/\/www.nubeocho.com\/en\/wp-json\/wp\/v2\/types\/product"}],"wp:featuredmedia":[{"embeddable":true,"href":"https:\/\/www.nubeocho.com\/en\/wp-json\/wp\/v2\/media\/19695"}],"wp:attachment":[{"href":"https:\/\/www.nubeocho.com\/en\/wp-json\/wp\/v2\/media?parent=19737"}],"wp:term":[{"taxonomy":"product_brand","embeddable":true,"href":"https:\/\/www.nubeocho.com\/en\/wp-json\/wp\/v2\/product_brand?post=19737"},{"taxonomy":"product_cat","embeddable":true,"href":"https:\/\/www.nubeocho.com\/en\/wp-json\/wp\/v2\/product_cat?post=19737"},{"taxonomy":"product_tag","embeddable":true,"href":"https:\/\/www.nubeocho.com\/en\/wp-json\/wp\/v2\/product_tag?post=19737"}],"curies":[{"name":"wp","href":"https:\/\/api.w.org\/{rel}","templated":true}]}}