{"id":19734,"date":"2024-04-03T13:34:22","date_gmt":"2024-04-03T11:34:22","guid":{"rendered":"https:\/\/www.nubeocho.com\/?post_type=product&#038;p=19734"},"modified":"2025-01-23T08:58:10","modified_gmt":"2025-01-23T07:58:10","slug":"el-tesoro-de-los-dinosaurios","status":"publish","type":"product","link":"https:\/\/www.nubeocho.com\/en\/product\/el-tesoro-de-los-dinosaurios\/","title":{"rendered":"El tesoro de los dinosaurios"},"content":{"rendered":"<p>Buscando un gran tesoro, el peque\u00f1o pirata Seraf\u00edn y su tripulaci\u00f3n llegan a una isla muy especial \u00a1llena de dinosaurios! El pirata es tan peque\u00f1o, tan peque\u00f1o que, despu\u00e9s de caer del nido de un pterod\u00e1ctilo, \u00a1acaba en la barriga\u00a0de un braquiosaurio!<\/p>\n<p>\u00a1Nuevas aventuras del valiente capit\u00e1n Seraf\u00edn y su tripulaci\u00f3n!<\/p>\n","protected":false},"excerpt":{"rendered":"<p>A veces, ser tan peque\u00f1o permite ayudar a los dem\u00e1s y hacer nuevos amigos, aunque estos sean tan fieros y enormes como un dinosaurio.<\/p>\n","protected":false},"featured_media":19622,"template":"","meta":[],"product_brand":[],"product_cat":[619,626],"product_tag":[1615,1602,1633,1609],"class_list":{"0":"post-19734","1":"product","2":"type-product","3":"status-publish","4":"has-post-thumbnail","6":"colecciones-little-captain-jack","7":"edades-3-en","8":"product_cat-catalogue","9":"product_cat-picture-book","10":"product_tag-diversity","11":"product_tag-friendship","12":"product_tag-humor-en","13":"product_tag-pirate-girls-and-boys","15":"first","16":"instock","17":"taxable","18":"shipping-taxable","19":"product-type-simple"},"acf":[],"_links":{"self":[{"href":"https:\/\/www.nubeocho.com\/en\/wp-json\/wp\/v2\/product\/19734","targetHints":{"allow":["GET"]}}],"collection":[{"href":"https:\/\/www.nubeocho.com\/en\/wp-json\/wp\/v2\/product"}],"about":[{"href":"https:\/\/www.nubeocho.com\/en\/wp-json\/wp\/v2\/types\/product"}],"wp:featuredmedia":[{"embeddable":true,"href":"https:\/\/www.nubeocho.com\/en\/wp-json\/wp\/v2\/media\/19622"}],"wp:attachment":[{"href":"https:\/\/www.nubeocho.com\/en\/wp-json\/wp\/v2\/media?parent=19734"}],"wp:term":[{"taxonomy":"product_brand","embeddable":true,"href":"https:\/\/www.nubeocho.com\/en\/wp-json\/wp\/v2\/product_brand?post=19734"},{"taxonomy":"product_cat","embeddable":true,"href":"https:\/\/www.nubeocho.com\/en\/wp-json\/wp\/v2\/product_cat?post=19734"},{"taxonomy":"product_tag","embeddable":true,"href":"https:\/\/www.nubeocho.com\/en\/wp-json\/wp\/v2\/product_tag?post=19734"}],"curies":[{"name":"wp","href":"https:\/\/api.w.org\/{rel}","templated":true}]}}