{"id":19612,"date":"2024-03-25T09:16:45","date_gmt":"2024-03-25T08:16:45","guid":{"rendered":"https:\/\/www.nubeocho.com\/?post_type=product&#038;p=19612"},"modified":"2025-04-25T10:24:21","modified_gmt":"2025-04-25T08:24:21","slug":"mamamigas","status":"publish","type":"product","link":"https:\/\/www.nubeocho.com\/en\/product\/mamamigas\/","title":{"rendered":"Mamamigas"},"content":{"rendered":"<div class=\"sinopsisHTML\">\n<p>A Paula le encanta cocinar, pero tambi\u00e9n comer, por eso sus hijos y sus nietas la llaman&#8230; \u00a1Mamamigas!<br \/>\nUn buen d\u00eda, a Mamamigas le regalaron un pollito, un pollito m\u00e1gico que la acompa\u00f1\u00f3 d\u00eda tras d\u00eda.<\/p>\n<\/div>\n<div>\n<div><\/div>\n<\/div>\n","protected":false},"excerpt":{"rendered":"<p>Esta es la historia de una madre y de una abuela. Esta es la historia de Mamamigas, pero tambi\u00e9n de sus guisos, de su perro Le\u00f3n, de sus hijos y de sus nietas.<\/p>\n","protected":false},"featured_media":19587,"template":"","meta":[],"product_brand":[],"product_cat":[619,626],"product_tag":[1621,1627,1645],"class_list":{"0":"post-19612","1":"product","2":"type-product","3":"status-publish","4":"has-post-thumbnail","6":"colecciones-somos8-en","7":"edades-4-en","8":"product_cat-catalogue","9":"product_cat-picture-book","10":"product_tag-emotions","11":"product_tag-family","12":"product_tag-help-us-to-think","14":"first","15":"instock","16":"taxable","17":"shipping-taxable","18":"product-type-simple"},"acf":[],"_links":{"self":[{"href":"https:\/\/www.nubeocho.com\/en\/wp-json\/wp\/v2\/product\/19612","targetHints":{"allow":["GET"]}}],"collection":[{"href":"https:\/\/www.nubeocho.com\/en\/wp-json\/wp\/v2\/product"}],"about":[{"href":"https:\/\/www.nubeocho.com\/en\/wp-json\/wp\/v2\/types\/product"}],"wp:featuredmedia":[{"embeddable":true,"href":"https:\/\/www.nubeocho.com\/en\/wp-json\/wp\/v2\/media\/19587"}],"wp:attachment":[{"href":"https:\/\/www.nubeocho.com\/en\/wp-json\/wp\/v2\/media?parent=19612"}],"wp:term":[{"taxonomy":"product_brand","embeddable":true,"href":"https:\/\/www.nubeocho.com\/en\/wp-json\/wp\/v2\/product_brand?post=19612"},{"taxonomy":"product_cat","embeddable":true,"href":"https:\/\/www.nubeocho.com\/en\/wp-json\/wp\/v2\/product_cat?post=19612"},{"taxonomy":"product_tag","embeddable":true,"href":"https:\/\/www.nubeocho.com\/en\/wp-json\/wp\/v2\/product_tag?post=19612"}],"curies":[{"name":"wp","href":"https:\/\/api.w.org\/{rel}","templated":true}]}}