{"id":19558,"date":"2024-03-11T11:00:28","date_gmt":"2024-03-11T10:00:28","guid":{"rendered":"https:\/\/www.nubeocho.com\/?post_type=product&#038;p=19558"},"modified":"2025-04-25T09:54:27","modified_gmt":"2025-04-25T07:54:27","slug":"la-gran-carrera-de-los-animales","status":"publish","type":"product","link":"https:\/\/www.nubeocho.com\/en\/product\/la-gran-carrera-de-los-animales\/","title":{"rendered":"La gran carrera de los animales"},"content":{"rendered":"<p>La carrera anual del bosque se acerca y todos los animales est\u00e1n entrenando muy duro para participar. Bueno, todos los animales, no\u2026<\/p>\n<p>Caracol le dice a su amiga Coneja que no quiere correr porque siempre es el \u00faltimo en la competici\u00f3n. Ella re\u00fane a todos los animales en un claro del bosque para trazar un plan y animar a su amigo a participar. \u00bfQu\u00e9 se les ocurrir\u00e1 para ayudarlo?<\/p>\n","protected":false},"excerpt":{"rendered":"<p>Caracol piensa que no merece la pena participar en la carrera, pero sus amigos le mostrar\u00e1n el poder de la amistad. \u00bfQui\u00e9n ganar\u00e1 este a\u00f1o la carrera?<\/p>\n","protected":false},"featured_media":19523,"template":"","meta":[],"product_brand":[],"product_cat":[619,626],"product_tag":[1615,1602],"class_list":{"0":"post-19558","1":"product","2":"type-product","3":"status-publish","4":"has-post-thumbnail","6":"colecciones-somos8-en","7":"edades-3-en","8":"product_cat-catalogue","9":"product_cat-picture-book","10":"product_tag-diversity","11":"product_tag-friendship","13":"first","14":"instock","15":"taxable","16":"shipping-taxable","17":"product-type-simple"},"acf":[],"_links":{"self":[{"href":"https:\/\/www.nubeocho.com\/en\/wp-json\/wp\/v2\/product\/19558","targetHints":{"allow":["GET"]}}],"collection":[{"href":"https:\/\/www.nubeocho.com\/en\/wp-json\/wp\/v2\/product"}],"about":[{"href":"https:\/\/www.nubeocho.com\/en\/wp-json\/wp\/v2\/types\/product"}],"wp:featuredmedia":[{"embeddable":true,"href":"https:\/\/www.nubeocho.com\/en\/wp-json\/wp\/v2\/media\/19523"}],"wp:attachment":[{"href":"https:\/\/www.nubeocho.com\/en\/wp-json\/wp\/v2\/media?parent=19558"}],"wp:term":[{"taxonomy":"product_brand","embeddable":true,"href":"https:\/\/www.nubeocho.com\/en\/wp-json\/wp\/v2\/product_brand?post=19558"},{"taxonomy":"product_cat","embeddable":true,"href":"https:\/\/www.nubeocho.com\/en\/wp-json\/wp\/v2\/product_cat?post=19558"},{"taxonomy":"product_tag","embeddable":true,"href":"https:\/\/www.nubeocho.com\/en\/wp-json\/wp\/v2\/product_tag?post=19558"}],"curies":[{"name":"wp","href":"https:\/\/api.w.org\/{rel}","templated":true}]}}