{"id":19461,"date":"2024-03-05T09:39:02","date_gmt":"2024-03-05T08:39:02","guid":{"rendered":"https:\/\/www.nubeocho.com\/?post_type=product&#038;p=19461"},"modified":"2026-03-04T08:47:28","modified_gmt":"2026-03-04T07:47:28","slug":"martina-futbolista","status":"publish","type":"product","link":"https:\/\/www.nubeocho.com\/en\/product\/martina-futbolista\/","title":{"rendered":"Martina Futbolista"},"content":{"rendered":"<p>Martina se une al equipo de f\u00fatbol de su colegio con mucha ilusi\u00f3n. Es muy buena defensa y est\u00e1 dispuesta a dar lo mejor de s\u00ed misma. Pero despu\u00e9s del primer partido, empieza a notar que el capit\u00e1n quiere destacar y no juega en equipo, y los jugadores no la consideran una igual por ser una ni\u00f1a.<br \/>\nMartina crear\u00e1 otro equipo de f\u00fatbol m\u00e1s igualitario y diverso, donde jugar\u00e1n y competir\u00e1n sin olvidar divertirse.<\/p>\n<p>De la mano de Susanna Isern, autora de\u00a0<em>Daniela Pirata<\/em>\u00a0(m\u00e1s de 180.000 lectores) y Marta Moreno, ilustradora de\u00a0<em>El hilo Invisible<\/em>\u00a0(m\u00e1s de 150.000 lectores).<\/p>\n","protected":false},"excerpt":{"rendered":"<p>\u00a1Un libro clave para hablar de igualdad y de f\u00fatbol!<\/p>\n<div class=\"datosLibro\">\n<div><\/div>\n<\/div>\n","protected":false},"featured_media":19430,"template":"","meta":[],"product_brand":[],"product_cat":[619,626],"product_tag":[1615,1636,1602],"class_list":{"0":"post-19461","1":"product","2":"type-product","3":"status-publish","4":"has-post-thumbnail","6":"colecciones-egalite-en","7":"edades-3-en","8":"product_cat-catalogue","9":"product_cat-picture-book","10":"product_tag-diversity","11":"product_tag-equality-feminism","12":"product_tag-friendship","14":"first","15":"instock","16":"taxable","17":"shipping-taxable","18":"product-type-simple"},"acf":[],"_links":{"self":[{"href":"https:\/\/www.nubeocho.com\/en\/wp-json\/wp\/v2\/product\/19461","targetHints":{"allow":["GET"]}}],"collection":[{"href":"https:\/\/www.nubeocho.com\/en\/wp-json\/wp\/v2\/product"}],"about":[{"href":"https:\/\/www.nubeocho.com\/en\/wp-json\/wp\/v2\/types\/product"}],"wp:featuredmedia":[{"embeddable":true,"href":"https:\/\/www.nubeocho.com\/en\/wp-json\/wp\/v2\/media\/19430"}],"wp:attachment":[{"href":"https:\/\/www.nubeocho.com\/en\/wp-json\/wp\/v2\/media?parent=19461"}],"wp:term":[{"taxonomy":"product_brand","embeddable":true,"href":"https:\/\/www.nubeocho.com\/en\/wp-json\/wp\/v2\/product_brand?post=19461"},{"taxonomy":"product_cat","embeddable":true,"href":"https:\/\/www.nubeocho.com\/en\/wp-json\/wp\/v2\/product_cat?post=19461"},{"taxonomy":"product_tag","embeddable":true,"href":"https:\/\/www.nubeocho.com\/en\/wp-json\/wp\/v2\/product_tag?post=19461"}],"curies":[{"name":"wp","href":"https:\/\/api.w.org\/{rel}","templated":true}]}}