{"id":19412,"date":"2024-02-28T10:17:42","date_gmt":"2024-02-28T09:17:42","guid":{"rendered":"https:\/\/www.nubeocho.com\/?post_type=product&#038;p=19412"},"modified":"2024-11-27T08:38:53","modified_gmt":"2024-11-27T07:38:53","slug":"el-cumpleanos-de-mateo","status":"publish","type":"product","link":"https:\/\/www.nubeocho.com\/en\/product\/el-cumpleanos-de-mateo\/","title":{"rendered":"El cumplea\u00f1os de Mateo"},"content":{"rendered":"<p>Sof\u00eda y su pap\u00e1 caminan hacia la fiesta de cumplea\u00f1os de Mateo.<\/p>\n<p>\u201cPap\u00e1, si fu\u00e9ramos gatos, \u00bfc\u00f3mo llegar\u00edamos al cumplea\u00f1os?\u201d.<br \/>\n&#8220;Y si fu\u00e9ramos ranas, \u00bfc\u00f3mo ir\u00edamos?\u201d.<br \/>\n\u201c\u00bfY si fu\u00e9ramos\u2026 rinocerontes?\u201d.<\/p>\n<p>Un cuento rimado que imagina diferentes formas de moverse en la ciudad, desde las m\u00e1s habituales, como el autob\u00fas o el metro, hasta las m\u00e1s sorprendentes, como utilizar las alcantarillas, volar o atravesar paredes\u2026<\/p>\n","protected":false},"excerpt":{"rendered":"<p>Sof\u00eda y su padre usan su imaginaci\u00f3n mientras dan un paseo inolvidable de camino al cumplea\u00f1os de un amigo.<\/p>\n","protected":false},"featured_media":19387,"template":"","meta":[],"product_brand":[],"product_cat":[619,626],"product_tag":[1615,1627],"class_list":{"0":"post-19412","1":"product","2":"type-product","3":"status-publish","4":"has-post-thumbnail","6":"colecciones-somos8-en","7":"edades-3-en","8":"product_cat-catalogue","9":"product_cat-picture-book","10":"product_tag-diversity","11":"product_tag-family","13":"first","14":"instock","15":"taxable","16":"shipping-taxable","17":"product-type-simple"},"acf":[],"_links":{"self":[{"href":"https:\/\/www.nubeocho.com\/en\/wp-json\/wp\/v2\/product\/19412","targetHints":{"allow":["GET"]}}],"collection":[{"href":"https:\/\/www.nubeocho.com\/en\/wp-json\/wp\/v2\/product"}],"about":[{"href":"https:\/\/www.nubeocho.com\/en\/wp-json\/wp\/v2\/types\/product"}],"wp:featuredmedia":[{"embeddable":true,"href":"https:\/\/www.nubeocho.com\/en\/wp-json\/wp\/v2\/media\/19387"}],"wp:attachment":[{"href":"https:\/\/www.nubeocho.com\/en\/wp-json\/wp\/v2\/media?parent=19412"}],"wp:term":[{"taxonomy":"product_brand","embeddable":true,"href":"https:\/\/www.nubeocho.com\/en\/wp-json\/wp\/v2\/product_brand?post=19412"},{"taxonomy":"product_cat","embeddable":true,"href":"https:\/\/www.nubeocho.com\/en\/wp-json\/wp\/v2\/product_cat?post=19412"},{"taxonomy":"product_tag","embeddable":true,"href":"https:\/\/www.nubeocho.com\/en\/wp-json\/wp\/v2\/product_tag?post=19412"}],"curies":[{"name":"wp","href":"https:\/\/api.w.org\/{rel}","templated":true}]}}