{"id":18741,"date":"2023-10-24T11:11:22","date_gmt":"2023-10-24T09:11:22","guid":{"rendered":"https:\/\/www.nubeocho.com\/?post_type=product&#038;p=18741"},"modified":"2024-12-17T10:12:42","modified_gmt":"2024-12-17T09:12:42","slug":"el-hada-rosa","status":"publish","type":"product","link":"https:\/\/www.nubeocho.com\/en\/product\/el-hada-rosa\/","title":{"rendered":"El hada Rosa"},"content":{"rendered":"<p>&#8220;\u00bfQu\u00e9 deseas, ni\u00f1a?&#8221;<br \/>\n\u201c\u00a1Deseo ser\u2026 jugadora de rugby!\u201d<br \/>\nEl hada Rosa est\u00e1 anticuada y no cree en la igualdad. Cada vez que una ni\u00f1a o un ni\u00f1o le pide un deseo como este, el hada Rosa se marcha enfadada, sin cumplirlo. Porque ella cree que hay \u201ccosas de ni\u00f1as\u201d y \u201ccosas de ni\u00f1os\u201d.<br \/>\nPronto, el hada se da cuenta de que ella tambi\u00e9n tiene un deseo que quiz\u00e1s no sea propio de \u201cun hada\u201d\u2026 \u00bfLa ayudar\u00e1n las otras hadas a hacerlo realidad? \u00bfY qu\u00e9 pasar\u00e1 con los sue\u00f1os no cumplidos de los ni\u00f1os y ni\u00f1as?<\/p>\n","protected":false},"excerpt":{"rendered":"<p>El hada Rosa est\u00e1 cansada de cumplir deseos a ni\u00f1os y ni\u00f1as. Poco a poco, descubre que lo que realmente le gusta es\u2026 \u00a1asustarlos! Al final, Rosa pedir\u00e1 un deseo a sus amigas las hadas, \u00bfcu\u00e1l ser\u00e1 su deseo?<br \/>\nLibro ganador del VIII Premio Narrating Equality.<\/p>\n","protected":false},"featured_media":18427,"template":"","meta":[],"product_brand":[],"product_cat":[619,626],"product_tag":[1615,1636,1645,1606],"class_list":{"0":"post-18741","1":"product","2":"type-product","3":"status-publish","4":"has-post-thumbnail","6":"colecciones-egalite-en","7":"edades-3-en","8":"product_cat-catalogue","9":"product_cat-picture-book","10":"product_tag-diversity","11":"product_tag-equality-feminism","12":"product_tag-help-us-to-think","13":"product_tag-international-authors","15":"first","16":"instock","17":"taxable","18":"shipping-taxable","19":"product-type-simple"},"acf":[],"_links":{"self":[{"href":"https:\/\/www.nubeocho.com\/en\/wp-json\/wp\/v2\/product\/18741","targetHints":{"allow":["GET"]}}],"collection":[{"href":"https:\/\/www.nubeocho.com\/en\/wp-json\/wp\/v2\/product"}],"about":[{"href":"https:\/\/www.nubeocho.com\/en\/wp-json\/wp\/v2\/types\/product"}],"wp:featuredmedia":[{"embeddable":true,"href":"https:\/\/www.nubeocho.com\/en\/wp-json\/wp\/v2\/media\/18427"}],"wp:attachment":[{"href":"https:\/\/www.nubeocho.com\/en\/wp-json\/wp\/v2\/media?parent=18741"}],"wp:term":[{"taxonomy":"product_brand","embeddable":true,"href":"https:\/\/www.nubeocho.com\/en\/wp-json\/wp\/v2\/product_brand?post=18741"},{"taxonomy":"product_cat","embeddable":true,"href":"https:\/\/www.nubeocho.com\/en\/wp-json\/wp\/v2\/product_cat?post=18741"},{"taxonomy":"product_tag","embeddable":true,"href":"https:\/\/www.nubeocho.com\/en\/wp-json\/wp\/v2\/product_tag?post=18741"}],"curies":[{"name":"wp","href":"https:\/\/api.w.org\/{rel}","templated":true}]}}