{"id":18467,"date":"2022-06-21T14:59:31","date_gmt":"2022-06-21T12:59:31","guid":{"rendered":"https:\/\/www.nubeocho.com\/?post_type=product&#038;p=18467"},"modified":"2025-01-09T08:16:26","modified_gmt":"2025-01-09T07:16:26","slug":"carlota-no-dice-ni-pio-2","status":"publish","type":"product","link":"https:\/\/www.nubeocho.com\/en\/product\/carlota-no-dice-ni-pio-2\/","title":{"rendered":"Carlota no dice ni p\u00edo"},"content":{"rendered":"<p>Carlota no habla. Todo el mundo la entiende tan solo con sus gestos y miradas.<br \/>\nHasta que un d\u00eda, persiguiendo a su amigo Tom el rat\u00f3n, entra en la despensa y la puerta se cierra de golpe. La ni\u00f1a se queda encerrada.<br \/>\n\u00bfQu\u00e9 har\u00e1 Carlota?<br \/>\nParece que la forma de salir de all\u00ed tiene que ver simplemente con el uso de su voz.<\/p>\n","protected":false},"excerpt":{"rendered":"<p>El miedo a hablar es com\u00fan a muchas ni\u00f1as y ni\u00f1os. El autor, Jos\u00e9 Carlos Andr\u00e9s, habla de miedos en su trilog\u00eda: <em>Carlota no dice ni p\u00edo<\/em>, <em>El pirata de la pata de<\/em> pata y <em>Los miedos del capit\u00e1n Cacurcias<\/em>.<\/p>\n","protected":false},"featured_media":13159,"template":"","meta":[],"product_brand":[],"product_cat":[619,626],"product_tag":[1615,1645],"class_list":{"0":"post-18467","1":"product","2":"type-product","3":"status-publish","4":"has-post-thumbnail","6":"colecciones-somos8-en","7":"edades-4-en","8":"product_cat-catalogue","9":"product_cat-picture-book","10":"product_tag-diversity","11":"product_tag-help-us-to-think","13":"first","14":"instock","15":"taxable","16":"shipping-taxable","17":"product-type-simple"},"acf":[],"_links":{"self":[{"href":"https:\/\/www.nubeocho.com\/en\/wp-json\/wp\/v2\/product\/18467","targetHints":{"allow":["GET"]}}],"collection":[{"href":"https:\/\/www.nubeocho.com\/en\/wp-json\/wp\/v2\/product"}],"about":[{"href":"https:\/\/www.nubeocho.com\/en\/wp-json\/wp\/v2\/types\/product"}],"wp:featuredmedia":[{"embeddable":true,"href":"https:\/\/www.nubeocho.com\/en\/wp-json\/wp\/v2\/media\/13159"}],"wp:attachment":[{"href":"https:\/\/www.nubeocho.com\/en\/wp-json\/wp\/v2\/media?parent=18467"}],"wp:term":[{"taxonomy":"product_brand","embeddable":true,"href":"https:\/\/www.nubeocho.com\/en\/wp-json\/wp\/v2\/product_brand?post=18467"},{"taxonomy":"product_cat","embeddable":true,"href":"https:\/\/www.nubeocho.com\/en\/wp-json\/wp\/v2\/product_cat?post=18467"},{"taxonomy":"product_tag","embeddable":true,"href":"https:\/\/www.nubeocho.com\/en\/wp-json\/wp\/v2\/product_tag?post=18467"}],"curies":[{"name":"wp","href":"https:\/\/api.w.org\/{rel}","templated":true}]}}