{"id":18371,"date":"2023-10-02T10:14:23","date_gmt":"2023-10-02T08:14:23","guid":{"rendered":"https:\/\/www.nubeocho.com\/?post_type=product&#038;p=18371"},"modified":"2024-12-03T14:57:25","modified_gmt":"2024-12-03T13:57:25","slug":"una-momia-muy-hambrienta","status":"publish","type":"product","link":"https:\/\/www.nubeocho.com\/en\/product\/una-momia-muy-hambrienta\/","title":{"rendered":"Una momia muy hambrienta"},"content":{"rendered":"<p>La peque\u00f1a momia Endas se despierta dentro de la oscuridad de su pir\u00e1mide porque tiene hambre, \u00a1MUCHA HAMBRE!<\/p>\n<p>Decide salir a comprobar si ya es hora de comer\u2026 pero los turistas huyen despavoridos al verla. Solo Nessa, una ni\u00f1a peque\u00f1a, se queda. Pronto se hacen amigas y deciden ayudarse para encontrar a la familia de Nessa y comida para Endas.<\/p>\n","protected":false},"excerpt":{"rendered":"<p>Tras <em>Un vampiro peligrozo<\/em> y <em>El fantasma de las bragas rotas<\/em> llega una divertid\u00edsima historia que conseguir\u00e1 que las ni\u00f1as y ni\u00f1os dejen de tener miedo.<\/p>\n<div class=\"datosLibro\">\n<div><\/div>\n<\/div>\n","protected":false},"featured_media":18344,"template":"","meta":[],"product_brand":[],"product_cat":[619,626],"product_tag":[1615,1627,1602,1633],"class_list":{"0":"post-18371","1":"product","2":"type-product","3":"status-publish","4":"has-post-thumbnail","6":"colecciones-monsters","7":"edades-3-en","8":"product_cat-catalogue","9":"product_cat-picture-book","10":"product_tag-diversity","11":"product_tag-family","12":"product_tag-friendship","13":"product_tag-humor-en","15":"first","16":"instock","17":"taxable","18":"shipping-taxable","19":"product-type-simple"},"acf":[],"_links":{"self":[{"href":"https:\/\/www.nubeocho.com\/en\/wp-json\/wp\/v2\/product\/18371","targetHints":{"allow":["GET"]}}],"collection":[{"href":"https:\/\/www.nubeocho.com\/en\/wp-json\/wp\/v2\/product"}],"about":[{"href":"https:\/\/www.nubeocho.com\/en\/wp-json\/wp\/v2\/types\/product"}],"wp:featuredmedia":[{"embeddable":true,"href":"https:\/\/www.nubeocho.com\/en\/wp-json\/wp\/v2\/media\/18344"}],"wp:attachment":[{"href":"https:\/\/www.nubeocho.com\/en\/wp-json\/wp\/v2\/media?parent=18371"}],"wp:term":[{"taxonomy":"product_brand","embeddable":true,"href":"https:\/\/www.nubeocho.com\/en\/wp-json\/wp\/v2\/product_brand?post=18371"},{"taxonomy":"product_cat","embeddable":true,"href":"https:\/\/www.nubeocho.com\/en\/wp-json\/wp\/v2\/product_cat?post=18371"},{"taxonomy":"product_tag","embeddable":true,"href":"https:\/\/www.nubeocho.com\/en\/wp-json\/wp\/v2\/product_tag?post=18371"}],"curies":[{"name":"wp","href":"https:\/\/api.w.org\/{rel}","templated":true}]}}