{"id":18360,"date":"2023-10-02T10:08:57","date_gmt":"2023-10-02T08:08:57","guid":{"rendered":"https:\/\/www.nubeocho.com\/?post_type=product&#038;p=18360"},"modified":"2024-10-29T09:45:44","modified_gmt":"2024-10-29T08:45:44","slug":"the-very-hungry-mummy","status":"publish","type":"product","link":"https:\/\/www.nubeocho.com\/en\/product\/the-very-hungry-mummy\/","title":{"rendered":"The Very Hungry Mummy"},"content":{"rendered":"<p>The little mummy Andages wakes up inside the darkness of her pyramid. She is hungry, VERY HUNGRY!<\/p>\n<p>She decides to go out to see if it is time to eat&#8230; but the tourists flee in terror when they see her. Only Nessa, a little girl, stays. They soon become friends and decide to help each other find Nessa&#8217;s family and food for Andages.<\/p>\n","protected":false},"excerpt":{"rendered":"<p>After <em>I\u2019m A Zcary Vampire<\/em> and <em>The Ghost with the Smelly Old Underwear<\/em>, Jos\u00e9 Carlos Andr\u00e9s and G\u00f3mez are together again in this hilarious children\u2019s book about an unlikely friendship between a hungry mummy and a brave little girl, that will make girls and boys stop being afraid.<\/p>\n","protected":false},"featured_media":18362,"template":"","meta":[],"product_brand":[],"product_cat":[619,626],"product_tag":[1615,1627,1602,1633],"class_list":{"0":"post-18360","1":"product","2":"type-product","3":"status-publish","4":"has-post-thumbnail","6":"colecciones-monsters","7":"edades-3-en","8":"product_cat-catalogue","9":"product_cat-picture-book","10":"product_tag-diversity","11":"product_tag-family","12":"product_tag-friendship","13":"product_tag-humor-en","15":"first","16":"instock","17":"taxable","18":"shipping-taxable","19":"product-type-simple"},"acf":[],"_links":{"self":[{"href":"https:\/\/www.nubeocho.com\/en\/wp-json\/wp\/v2\/product\/18360","targetHints":{"allow":["GET"]}}],"collection":[{"href":"https:\/\/www.nubeocho.com\/en\/wp-json\/wp\/v2\/product"}],"about":[{"href":"https:\/\/www.nubeocho.com\/en\/wp-json\/wp\/v2\/types\/product"}],"wp:featuredmedia":[{"embeddable":true,"href":"https:\/\/www.nubeocho.com\/en\/wp-json\/wp\/v2\/media\/18362"}],"wp:attachment":[{"href":"https:\/\/www.nubeocho.com\/en\/wp-json\/wp\/v2\/media?parent=18360"}],"wp:term":[{"taxonomy":"product_brand","embeddable":true,"href":"https:\/\/www.nubeocho.com\/en\/wp-json\/wp\/v2\/product_brand?post=18360"},{"taxonomy":"product_cat","embeddable":true,"href":"https:\/\/www.nubeocho.com\/en\/wp-json\/wp\/v2\/product_cat?post=18360"},{"taxonomy":"product_tag","embeddable":true,"href":"https:\/\/www.nubeocho.com\/en\/wp-json\/wp\/v2\/product_tag?post=18360"}],"curies":[{"name":"wp","href":"https:\/\/api.w.org\/{rel}","templated":true}]}}