{"id":18289,"date":"2023-09-19T09:19:25","date_gmt":"2023-09-19T07:19:25","guid":{"rendered":"https:\/\/www.nubeocho.com\/?post_type=product&#038;p=18289"},"modified":"2024-05-06T14:27:36","modified_gmt":"2024-05-06T12:27:36","slug":"la-gran-mochila-de-carlitos","status":"publish","type":"product","link":"https:\/\/www.nubeocho.com\/en\/product\/la-gran-mochila-de-carlitos\/","title":{"rendered":"La gran mochila de Carlitos"},"content":{"rendered":"<p>Carlitos se va de acampada con el cole y le toca de compa\u00f1ero Luis\u00f3n, el ni\u00f1o m\u00e1s grande de su clase. En su mochila ha metido un mont\u00f3n de cosas por si acaso las necesita.<\/p>\n<p>Nada m\u00e1s llegar, sin querer, le da en el pie a Luis\u00f3n con un martillo pero \u00a1con lo que ha tra\u00eddo en la mochila puede escayol\u00e1rselo! Aunque\u2026 le escayola el pie bueno. Despu\u00e9s quiere ayudarlo a lavar su ropa en el r\u00edo, pero se la lleva la corriente\u2026<\/p>\n<p>Luis\u00f3n, desesperado, pide a la profesora que le cambie de compa\u00f1ero, pero Carlitos acabar\u00e1 demostrando que es un buen amigo y que siempre est\u00e1 cuando lo necesitan.<\/p>\n","protected":false},"excerpt":{"rendered":"<p>Una nueva y divertid\u00edsima aventura de Carlitos en la excursi\u00f3n del cole.<br \/>\n\u00a1Y una bonita historia de verdadera amistad!<\/p>\n","protected":false},"featured_media":18212,"template":"","meta":[],"product_brand":[],"product_cat":[619,626],"product_tag":[1615,1621,1627,1602,1633],"class_list":{"0":"post-18289","1":"product","2":"type-product","3":"status-publish","4":"has-post-thumbnail","6":"colecciones-somos8-en","7":"edades-5-en","8":"product_cat-catalogue","9":"product_cat-picture-book","10":"product_tag-diversity","11":"product_tag-emotions","12":"product_tag-family","13":"product_tag-friendship","14":"product_tag-humor-en","16":"first","17":"instock","18":"taxable","19":"shipping-taxable","20":"product-type-simple"},"acf":[],"_links":{"self":[{"href":"https:\/\/www.nubeocho.com\/en\/wp-json\/wp\/v2\/product\/18289","targetHints":{"allow":["GET"]}}],"collection":[{"href":"https:\/\/www.nubeocho.com\/en\/wp-json\/wp\/v2\/product"}],"about":[{"href":"https:\/\/www.nubeocho.com\/en\/wp-json\/wp\/v2\/types\/product"}],"wp:featuredmedia":[{"embeddable":true,"href":"https:\/\/www.nubeocho.com\/en\/wp-json\/wp\/v2\/media\/18212"}],"wp:attachment":[{"href":"https:\/\/www.nubeocho.com\/en\/wp-json\/wp\/v2\/media?parent=18289"}],"wp:term":[{"taxonomy":"product_brand","embeddable":true,"href":"https:\/\/www.nubeocho.com\/en\/wp-json\/wp\/v2\/product_brand?post=18289"},{"taxonomy":"product_cat","embeddable":true,"href":"https:\/\/www.nubeocho.com\/en\/wp-json\/wp\/v2\/product_cat?post=18289"},{"taxonomy":"product_tag","embeddable":true,"href":"https:\/\/www.nubeocho.com\/en\/wp-json\/wp\/v2\/product_tag?post=18289"}],"curies":[{"name":"wp","href":"https:\/\/api.w.org\/{rel}","templated":true}]}}