{"id":18268,"date":"2023-09-19T09:07:54","date_gmt":"2023-09-19T07:07:54","guid":{"rendered":"https:\/\/www.nubeocho.com\/?post_type=product&#038;p=18268"},"modified":"2024-05-06T14:20:27","modified_gmt":"2024-05-06T12:20:27","slug":"carlitos-super-m","status":"publish","type":"product","link":"https:\/\/www.nubeocho.com\/en\/product\/carlitos-super-m\/","title":{"rendered":"Carlitos S\u00faper M"},"content":{"rendered":"<p>Carlitos quiere ser un superh\u00e9roe y consigue un disfraz incre\u00edble. Decide que se llamar\u00e1 Super M, por las moscas, que le encantan. Pero \u00bfpodr\u00e1 ser un superh\u00e9roe si lleva gafas? \u00bfY cu\u00e1l ser\u00e1 su superpoder? Carlitos no tiene ninguna duda: \u00a1quiere ser invisible!<\/p>\n","protected":false},"excerpt":{"rendered":"<p>Despu\u00e9s de conseguir sus gafas en \u2018Las gafas de Carlitos\u2019, ahora nuestro divertido protagonista \u00a1quiere ser superh\u00e9roe!<\/p>\n","protected":false},"featured_media":18211,"template":"","meta":[],"product_brand":[],"product_cat":[619,626],"product_tag":[1627,1602,1633],"class_list":{"0":"post-18268","1":"product","2":"type-product","3":"status-publish","4":"has-post-thumbnail","6":"colecciones-somos8-en","7":"edades-5-en","8":"product_cat-catalogue","9":"product_cat-picture-book","10":"product_tag-family","11":"product_tag-friendship","12":"product_tag-humor-en","14":"first","15":"instock","16":"taxable","17":"shipping-taxable","18":"product-type-simple"},"acf":[],"_links":{"self":[{"href":"https:\/\/www.nubeocho.com\/en\/wp-json\/wp\/v2\/product\/18268","targetHints":{"allow":["GET"]}}],"collection":[{"href":"https:\/\/www.nubeocho.com\/en\/wp-json\/wp\/v2\/product"}],"about":[{"href":"https:\/\/www.nubeocho.com\/en\/wp-json\/wp\/v2\/types\/product"}],"wp:featuredmedia":[{"embeddable":true,"href":"https:\/\/www.nubeocho.com\/en\/wp-json\/wp\/v2\/media\/18211"}],"wp:attachment":[{"href":"https:\/\/www.nubeocho.com\/en\/wp-json\/wp\/v2\/media?parent=18268"}],"wp:term":[{"taxonomy":"product_brand","embeddable":true,"href":"https:\/\/www.nubeocho.com\/en\/wp-json\/wp\/v2\/product_brand?post=18268"},{"taxonomy":"product_cat","embeddable":true,"href":"https:\/\/www.nubeocho.com\/en\/wp-json\/wp\/v2\/product_cat?post=18268"},{"taxonomy":"product_tag","embeddable":true,"href":"https:\/\/www.nubeocho.com\/en\/wp-json\/wp\/v2\/product_tag?post=18268"}],"curies":[{"name":"wp","href":"https:\/\/api.w.org\/{rel}","templated":true}]}}