{"id":18248,"date":"2023-09-19T08:51:40","date_gmt":"2023-09-19T06:51:40","guid":{"rendered":"https:\/\/www.nubeocho.com\/?post_type=product&#038;p=18248"},"modified":"2025-02-26T08:32:56","modified_gmt":"2025-02-26T07:32:56","slug":"las-gafas-de-carlitos","status":"publish","type":"product","link":"https:\/\/www.nubeocho.com\/en\/product\/las-gafas-de-carlitos\/","title":{"rendered":"Las gafas de Carlitos"},"content":{"rendered":"<p>Carlitos quiere desesperadamente que In\u00e9s se fije en \u00e9l. Pero, haga lo que haga, no lo consigue. Un d\u00eda In\u00e9s aparece en clase con gafas, \u00e9l cree que ese era el problema y que ahora, finalmente, lo ver\u00e1. Pero no hay manera&#8230; Eso s\u00ed, las gafas de In\u00e9s han hecho que todo el mundo la mire. Carlitos piensa que si tambi\u00e9n \u00e9l llevara gafas, In\u00e9s se dar\u00eda cuenta de que existe.<\/p>\n","protected":false},"excerpt":{"rendered":"<p>Es importante saber mirar lo que nos rodea. El primer libro de una tierna colecci\u00f3n, de la mano de Margarita del Mazo y Guridi.<\/p>\n","protected":false},"featured_media":18210,"template":"","meta":[],"product_brand":[],"product_cat":[619,626],"product_tag":[1621,1602,1633],"class_list":{"0":"post-18248","1":"product","2":"type-product","3":"status-publish","4":"has-post-thumbnail","6":"colecciones-somos8-en","7":"edades-5-en","8":"product_cat-catalogue","9":"product_cat-picture-book","10":"product_tag-emotions","11":"product_tag-friendship","12":"product_tag-humor-en","14":"first","15":"instock","16":"taxable","17":"shipping-taxable","18":"product-type-simple"},"acf":[],"_links":{"self":[{"href":"https:\/\/www.nubeocho.com\/en\/wp-json\/wp\/v2\/product\/18248","targetHints":{"allow":["GET"]}}],"collection":[{"href":"https:\/\/www.nubeocho.com\/en\/wp-json\/wp\/v2\/product"}],"about":[{"href":"https:\/\/www.nubeocho.com\/en\/wp-json\/wp\/v2\/types\/product"}],"wp:featuredmedia":[{"embeddable":true,"href":"https:\/\/www.nubeocho.com\/en\/wp-json\/wp\/v2\/media\/18210"}],"wp:attachment":[{"href":"https:\/\/www.nubeocho.com\/en\/wp-json\/wp\/v2\/media?parent=18248"}],"wp:term":[{"taxonomy":"product_brand","embeddable":true,"href":"https:\/\/www.nubeocho.com\/en\/wp-json\/wp\/v2\/product_brand?post=18248"},{"taxonomy":"product_cat","embeddable":true,"href":"https:\/\/www.nubeocho.com\/en\/wp-json\/wp\/v2\/product_cat?post=18248"},{"taxonomy":"product_tag","embeddable":true,"href":"https:\/\/www.nubeocho.com\/en\/wp-json\/wp\/v2\/product_tag?post=18248"}],"curies":[{"name":"wp","href":"https:\/\/api.w.org\/{rel}","templated":true}]}}