{"id":18181,"date":"2023-09-11T09:34:25","date_gmt":"2023-09-11T07:34:25","guid":{"rendered":"https:\/\/www.nubeocho.com\/?post_type=product&#038;p=18181"},"modified":"2024-07-09T10:25:19","modified_gmt":"2024-07-09T08:25:19","slug":"olivia-wolf-un-millon-de-olivias","status":"publish","type":"product","link":"https:\/\/www.nubeocho.com\/en\/product\/olivia-wolf-un-millon-de-olivias\/","title":{"rendered":"Olivia Wolf. Un mill\u00f3n de Olivias"},"content":{"rendered":"<p class=\"ql-align-justify\">Es el cumplea\u00f1os de Sam, y Olivia y sus amigos lo celebran en el chiquipark de Mick Liebre, que tiene la piscina de bolas m\u00e1s incre\u00edble de todo Engendroland. Pero un mal\u00e9fico ser, el marqu\u00e9s Ojostr\u00e9s, ha embrujado las bolas de la piscina, y\u00a0de all\u00ed empiezan a salir decenas de Olivias malignas que quieren destruir todo el centro de ocio.<\/p>\n<p class=\"ql-align-justify\">La pandilla de la ni\u00f1a loba se enfrentar\u00e1 a las falsas Olivias y usar\u00e1 su ingenio y buen humor para detener al marqu\u00e9s Ojostr\u00e9s. \u00a1No hay d\u00edas aburridos en Engendroland!<\/p>\n","protected":false},"excerpt":{"rendered":"<p>Olivia Wolf y su pandilla se enfrentan a decenas de Olivias malvadas que arrasan todo lo que encuentran a su paso. \u00a1La tercera entrega de Olivia Wolf ya est\u00e1 aqu\u00ed!<\/p>\n","protected":false},"featured_media":18164,"template":"","meta":[],"product_brand":[],"product_cat":[619,620],"product_tag":[1615,1602,1633],"class_list":{"0":"post-18181","1":"product","2":"type-product","3":"status-publish","4":"has-post-thumbnail","6":"colecciones-comic-en","7":"edades-7-en","8":"product_cat-catalogue","9":"product_cat-comic-en","10":"product_tag-diversity","11":"product_tag-friendship","12":"product_tag-humor-en","14":"first","15":"instock","16":"taxable","17":"shipping-taxable","18":"product-type-simple"},"acf":[],"_links":{"self":[{"href":"https:\/\/www.nubeocho.com\/en\/wp-json\/wp\/v2\/product\/18181","targetHints":{"allow":["GET"]}}],"collection":[{"href":"https:\/\/www.nubeocho.com\/en\/wp-json\/wp\/v2\/product"}],"about":[{"href":"https:\/\/www.nubeocho.com\/en\/wp-json\/wp\/v2\/types\/product"}],"wp:featuredmedia":[{"embeddable":true,"href":"https:\/\/www.nubeocho.com\/en\/wp-json\/wp\/v2\/media\/18164"}],"wp:attachment":[{"href":"https:\/\/www.nubeocho.com\/en\/wp-json\/wp\/v2\/media?parent=18181"}],"wp:term":[{"taxonomy":"product_brand","embeddable":true,"href":"https:\/\/www.nubeocho.com\/en\/wp-json\/wp\/v2\/product_brand?post=18181"},{"taxonomy":"product_cat","embeddable":true,"href":"https:\/\/www.nubeocho.com\/en\/wp-json\/wp\/v2\/product_cat?post=18181"},{"taxonomy":"product_tag","embeddable":true,"href":"https:\/\/www.nubeocho.com\/en\/wp-json\/wp\/v2\/product_tag?post=18181"}],"curies":[{"name":"wp","href":"https:\/\/api.w.org\/{rel}","templated":true}]}}