{"id":18137,"date":"2023-09-07T11:00:39","date_gmt":"2023-09-07T09:00:39","guid":{"rendered":"https:\/\/www.nubeocho.com\/?post_type=product&#038;p=18137"},"modified":"2024-12-03T14:57:59","modified_gmt":"2024-12-03T13:57:59","slug":"el-rojo-no-esta-enojado-el-azul-no-esta-triste","status":"publish","type":"product","link":"https:\/\/www.nubeocho.com\/en\/product\/el-rojo-no-esta-enojado-el-azul-no-esta-triste\/","title":{"rendered":"El rojo no est\u00e1 enojado, el azul no est\u00e1 triste"},"content":{"rendered":"<p>Zorro llega al parque y todos le preguntan muy preocupados si se encuentra bien. \u00c9l est\u00e1 feliz y no entiende qu\u00e9 pasa. Lo que ocurre es que Zorro lleva una camiseta azul, y el azul es el color de la tristeza, \u00bfno? Su amiga Osa le pone inmediatamente un jersey amarillo. Ahora s\u00ed, todo est\u00e1 bien. Pero, \u00bfpor qu\u00e9 los colores tienen que reflejar las emociones que sentimos? \u00bfY si pudi\u00e9ramos utilizarlos como quisi\u00e9ramos? \u00a1Incluso mezclarlos!<\/p>\n<p>Luis Amavisca y Alicia Acosta, juntos de nuevo tras\u00a0<em>\u00a1Vivan las u\u00f1as de colores!<\/em>\u00a0y\u00a0<em>La mu\u00f1eca de Lucas<\/em>, en un libro que habla de emociones sin necesidad de identificarlas con los colores.<\/p>\n","protected":false},"excerpt":{"rendered":"<p>A estos amigos les gustan todos los colores. \u00bfEs el rojo el color del enfado? \u00bfEs el azul el color de la tristeza? El divertido grupo descubrir\u00e1 que no es as\u00ed.<\/p>\n","protected":false},"featured_media":18138,"template":"","meta":[],"product_brand":[],"product_cat":[619,626],"product_tag":[1615,1621,1602,1633],"class_list":{"0":"post-18137","1":"product","2":"type-product","3":"status-publish","4":"has-post-thumbnail","6":"colecciones-somos8-en","7":"edades-3-en","8":"product_cat-catalogue","9":"product_cat-picture-book","10":"product_tag-diversity","11":"product_tag-emotions","12":"product_tag-friendship","13":"product_tag-humor-en","15":"first","16":"instock","17":"taxable","18":"shipping-taxable","19":"product-type-simple"},"acf":[],"_links":{"self":[{"href":"https:\/\/www.nubeocho.com\/en\/wp-json\/wp\/v2\/product\/18137","targetHints":{"allow":["GET"]}}],"collection":[{"href":"https:\/\/www.nubeocho.com\/en\/wp-json\/wp\/v2\/product"}],"about":[{"href":"https:\/\/www.nubeocho.com\/en\/wp-json\/wp\/v2\/types\/product"}],"wp:featuredmedia":[{"embeddable":true,"href":"https:\/\/www.nubeocho.com\/en\/wp-json\/wp\/v2\/media\/18138"}],"wp:attachment":[{"href":"https:\/\/www.nubeocho.com\/en\/wp-json\/wp\/v2\/media?parent=18137"}],"wp:term":[{"taxonomy":"product_brand","embeddable":true,"href":"https:\/\/www.nubeocho.com\/en\/wp-json\/wp\/v2\/product_brand?post=18137"},{"taxonomy":"product_cat","embeddable":true,"href":"https:\/\/www.nubeocho.com\/en\/wp-json\/wp\/v2\/product_cat?post=18137"},{"taxonomy":"product_tag","embeddable":true,"href":"https:\/\/www.nubeocho.com\/en\/wp-json\/wp\/v2\/product_tag?post=18137"}],"curies":[{"name":"wp","href":"https:\/\/api.w.org\/{rel}","templated":true}]}}