{"id":17593,"date":"2023-03-21T11:56:01","date_gmt":"2023-03-21T10:56:01","guid":{"rendered":"https:\/\/www.nubeocho.com\/?post_type=product&#038;p=17593"},"modified":"2025-07-10T09:34:47","modified_gmt":"2025-07-10T07:34:47","slug":"el-raton-que-comia-cuentos","status":"publish","type":"product","link":"https:\/\/www.nubeocho.com\/en\/product\/el-raton-que-comia-cuentos\/","title":{"rendered":"El rat\u00f3n que com\u00eda cuentos"},"content":{"rendered":"<p>El rat\u00f3n Simen\u00f3n es chiquitito, orej\u00f3n, chato y bigot\u00f3n. Y adem\u00e1s, tiene mucha hambre. Pero nada de lo que prueba lo sacia, hasta que llega a una librer\u00eda y se come las p\u00e1ginas de los libros. Por primera vez, siente su est\u00f3mago lleno. La librera y el rat\u00f3n llegan a un acuerdo: ella le leer\u00e1 historias y \u00e9l la ayudar\u00e1 en la librer\u00eda.<\/p>\n<p>Un \u00e1lbum ilustrado sobre el amor por la lectura y un bello homenaje a libreras y libreros y a bibliotecarias y bibliotecarios.<\/p>\n","protected":false},"excerpt":{"rendered":"<p>Una historia de amistad entre una librera y un rat\u00f3n con mucha hambre de historias.<\/p>\n","protected":false},"featured_media":21288,"template":"","meta":[],"product_brand":[],"product_cat":[619,626],"product_tag":[1602,1606],"class_list":{"0":"post-17593","1":"product","2":"type-product","3":"status-publish","4":"has-post-thumbnail","6":"edades-3-en","7":"product_cat-catalogue","8":"product_cat-picture-book","9":"product_tag-friendship","10":"product_tag-international-authors","12":"first","13":"instock","14":"taxable","15":"shipping-taxable","16":"product-type-simple"},"acf":[],"_links":{"self":[{"href":"https:\/\/www.nubeocho.com\/en\/wp-json\/wp\/v2\/product\/17593","targetHints":{"allow":["GET"]}}],"collection":[{"href":"https:\/\/www.nubeocho.com\/en\/wp-json\/wp\/v2\/product"}],"about":[{"href":"https:\/\/www.nubeocho.com\/en\/wp-json\/wp\/v2\/types\/product"}],"wp:featuredmedia":[{"embeddable":true,"href":"https:\/\/www.nubeocho.com\/en\/wp-json\/wp\/v2\/media\/21288"}],"wp:attachment":[{"href":"https:\/\/www.nubeocho.com\/en\/wp-json\/wp\/v2\/media?parent=17593"}],"wp:term":[{"taxonomy":"product_brand","embeddable":true,"href":"https:\/\/www.nubeocho.com\/en\/wp-json\/wp\/v2\/product_brand?post=17593"},{"taxonomy":"product_cat","embeddable":true,"href":"https:\/\/www.nubeocho.com\/en\/wp-json\/wp\/v2\/product_cat?post=17593"},{"taxonomy":"product_tag","embeddable":true,"href":"https:\/\/www.nubeocho.com\/en\/wp-json\/wp\/v2\/product_tag?post=17593"}],"curies":[{"name":"wp","href":"https:\/\/api.w.org\/{rel}","templated":true}]}}