{"id":17440,"date":"2023-02-21T10:16:33","date_gmt":"2023-02-21T09:16:33","guid":{"rendered":"https:\/\/www.nubeocho.com\/?post_type=product&#038;p=17440"},"modified":"2025-06-27T14:33:17","modified_gmt":"2025-06-27T12:33:17","slug":"te-queremos-profe","status":"publish","type":"product","link":"https:\/\/www.nubeocho.com\/en\/product\/te-queremos-profe\/","title":{"rendered":"Te queremos, profe"},"content":{"rendered":"<p>Mofeta, Ardilla, Zorro, Osezna, Pato, Rana y Conejo van cada ma\u00f1ana al colegio con una sonrisa, porque su profe, Gacela, es la mejor. Les ense\u00f1a a leer, a cantar y bailar\u2026 y adem\u00e1s, los escucha y los comprende. Pero un d\u00eda, cuando llegan a clase, no hay nadie esper\u00e1ndolos.<\/p>\n<p>\u00bfD\u00f3nde est\u00e1 la profe Gacela? \u00bfQu\u00e9 le ha ocurrido? El divertido grupo de amigos decide ir a su casa a investigar.<\/p>\n<p><a href=\"https:\/\/www.nubeocho.com\/wp-content\/uploads\/2017\/04\/Sin-ti\u0301tulo-1-copia.jpg\"><img loading=\"lazy\" decoding=\"async\" class=\"alignnone size-large wp-image-19778\" src=\"https:\/\/www.nubeocho.com\/wp-content\/uploads\/2017\/04\/Sin-ti\u0301tulo-1-copia-1024x214.jpg\" alt=\"\" width=\"1024\" height=\"214\" srcset=\"https:\/\/www.nubeocho.com\/wp-content\/uploads\/2017\/04\/Sin-ti\u0301tulo-1-copia-1024x214.jpg 1024w, https:\/\/www.nubeocho.com\/wp-content\/uploads\/2017\/04\/Sin-ti\u0301tulo-1-copia-300x63.jpg 300w, https:\/\/www.nubeocho.com\/wp-content\/uploads\/2017\/04\/Sin-ti\u0301tulo-1-copia-768x161.jpg 768w, https:\/\/www.nubeocho.com\/wp-content\/uploads\/2017\/04\/Sin-ti\u0301tulo-1-copia-320x67.jpg 320w, https:\/\/www.nubeocho.com\/wp-content\/uploads\/2017\/04\/Sin-ti\u0301tulo-1-copia-600x125.jpg 600w, https:\/\/www.nubeocho.com\/wp-content\/uploads\/2017\/04\/Sin-ti\u0301tulo-1-copia.jpg 1382w\" sizes=\"auto, (max-width: 1024px) 100vw, 1024px\" \/><\/a><\/p>\n","protected":false},"excerpt":{"rendered":"<p>La profe Gacela consigue que sus alumnos y alumnas vayan al cole felices. Lo que m\u00e1s les gusta a todos es que su profe les lea fant\u00e1sticas historias.<\/p>\n","protected":false},"featured_media":21347,"template":"","meta":[],"product_brand":[],"product_cat":[619,626],"product_tag":[1621,1602],"class_list":{"0":"post-17440","1":"product","2":"type-product","3":"status-publish","4":"has-post-thumbnail","6":"colecciones-somos8-en","7":"edades-3-en","8":"product_cat-catalogue","9":"product_cat-picture-book","10":"product_tag-emotions","11":"product_tag-friendship","13":"first","14":"instock","15":"taxable","16":"shipping-taxable","17":"product-type-simple"},"acf":[],"_links":{"self":[{"href":"https:\/\/www.nubeocho.com\/en\/wp-json\/wp\/v2\/product\/17440","targetHints":{"allow":["GET"]}}],"collection":[{"href":"https:\/\/www.nubeocho.com\/en\/wp-json\/wp\/v2\/product"}],"about":[{"href":"https:\/\/www.nubeocho.com\/en\/wp-json\/wp\/v2\/types\/product"}],"wp:featuredmedia":[{"embeddable":true,"href":"https:\/\/www.nubeocho.com\/en\/wp-json\/wp\/v2\/media\/21347"}],"wp:attachment":[{"href":"https:\/\/www.nubeocho.com\/en\/wp-json\/wp\/v2\/media?parent=17440"}],"wp:term":[{"taxonomy":"product_brand","embeddable":true,"href":"https:\/\/www.nubeocho.com\/en\/wp-json\/wp\/v2\/product_brand?post=17440"},{"taxonomy":"product_cat","embeddable":true,"href":"https:\/\/www.nubeocho.com\/en\/wp-json\/wp\/v2\/product_cat?post=17440"},{"taxonomy":"product_tag","embeddable":true,"href":"https:\/\/www.nubeocho.com\/en\/wp-json\/wp\/v2\/product_tag?post=17440"}],"curies":[{"name":"wp","href":"https:\/\/api.w.org\/{rel}","templated":true}]}}