{"id":17391,"date":"2023-02-21T09:15:09","date_gmt":"2023-02-21T08:15:09","guid":{"rendered":"https:\/\/www.nubeocho.com\/?post_type=product&#038;p=17391"},"modified":"2025-04-25T10:11:05","modified_gmt":"2025-04-25T08:11:05","slug":"la-pequena-maga","status":"publish","type":"product","link":"https:\/\/www.nubeocho.com\/en\/product\/la-pequena-maga\/","title":{"rendered":"La peque\u00f1a maga"},"content":{"rendered":"<p>Luc\u00eda, la peque\u00f1a maga, agita su varita y pasan cosas divertid\u00edsimas. Pero un d\u00eda, su hermanito arranca unas p\u00e1ginas de su libro. Luc\u00eda se enfada y se le ocurre una idea\u2026\u00a0Mueve su varita y dice \u201c\u00a1Abracadabra!\u201d. \u00bfEn qu\u00e9 animal transformar\u00e1 al peque\u00f1o Teo?<\/p>\n<p>Una divertida historia sobre el amor entre hermanos \u00a1a pesar de los enfados!<\/p>\n","protected":false},"excerpt":{"rendered":"<p>\u201c\u00a1Abracadabra!\u201d dice Luc\u00eda, la peque\u00f1a maga, y \u00a1una jarra de agua se llena de ranas! Las cosas aburridas se convierten en divertidas cuando lanza sus hechizos.<\/p>\n","protected":false},"featured_media":17359,"template":"","meta":[],"product_brand":[],"product_cat":[619,626],"product_tag":[1621,1627,1633],"class_list":{"0":"post-17391","1":"product","2":"type-product","3":"status-publish","4":"has-post-thumbnail","6":"colecciones-somos8-en","7":"edades-3-en","8":"product_cat-catalogue","9":"product_cat-picture-book","10":"product_tag-emotions","11":"product_tag-family","12":"product_tag-humor-en","14":"first","15":"instock","16":"taxable","17":"shipping-taxable","18":"product-type-simple"},"acf":[],"_links":{"self":[{"href":"https:\/\/www.nubeocho.com\/en\/wp-json\/wp\/v2\/product\/17391","targetHints":{"allow":["GET"]}}],"collection":[{"href":"https:\/\/www.nubeocho.com\/en\/wp-json\/wp\/v2\/product"}],"about":[{"href":"https:\/\/www.nubeocho.com\/en\/wp-json\/wp\/v2\/types\/product"}],"wp:featuredmedia":[{"embeddable":true,"href":"https:\/\/www.nubeocho.com\/en\/wp-json\/wp\/v2\/media\/17359"}],"wp:attachment":[{"href":"https:\/\/www.nubeocho.com\/en\/wp-json\/wp\/v2\/media?parent=17391"}],"wp:term":[{"taxonomy":"product_brand","embeddable":true,"href":"https:\/\/www.nubeocho.com\/en\/wp-json\/wp\/v2\/product_brand?post=17391"},{"taxonomy":"product_cat","embeddable":true,"href":"https:\/\/www.nubeocho.com\/en\/wp-json\/wp\/v2\/product_cat?post=17391"},{"taxonomy":"product_tag","embeddable":true,"href":"https:\/\/www.nubeocho.com\/en\/wp-json\/wp\/v2\/product_tag?post=17391"}],"curies":[{"name":"wp","href":"https:\/\/api.w.org\/{rel}","templated":true}]}}