{"id":17091,"date":"2023-01-04T12:49:19","date_gmt":"2023-01-04T11:49:19","guid":{"rendered":"https:\/\/www.nubeocho.com\/producto\/olivia-wolf-la-noche-de-los-monstruos-gigantes-copia\/"},"modified":"2024-05-08T08:46:24","modified_gmt":"2024-05-08T06:46:24","slug":"olivia-wolf-la-noche-de-los-monstruos-gigantes-copia","status":"publish","type":"product","link":"https:\/\/www.nubeocho.com\/en\/product\/olivia-wolf-la-noche-de-los-monstruos-gigantes-copia\/","title":{"rendered":"Olivia Wolf. La noche de los monstruos gigantes"},"content":{"rendered":"<div class=\"sinopsisHTML\">\n<p>En Engendroland est\u00e1 pasando algo extra\u00f1o: hace horas que deber\u00eda haber amanecido, pero sigue siendo de noche. \u00bfQu\u00e9 est\u00e1 ocurriendo? Olivia, la ni\u00f1a loba, y su pandilla se enfrentar\u00e1n a las malignas criaturas de la noche para salvar a la ciudad y resolver el misterio.<\/p>\n<\/div>\n<div>\n<div><\/div>\n<\/div>\n","protected":false},"excerpt":{"rendered":"<p>La noche no conseguir\u00e1 detener a Olivia y a sus amigos en esta nueva aventura, en la que se enfrentar\u00e1n a malvados seres que est\u00e1n causando el caos en Engendroland.<\/p>\n","protected":false},"featured_media":17081,"template":"","meta":[],"product_brand":[],"product_cat":[619,620],"product_tag":[1602,1633],"class_list":{"0":"post-17091","1":"product","2":"type-product","3":"status-publish","4":"has-post-thumbnail","6":"colecciones-comic-en","7":"edades-7-en","8":"product_cat-catalogue","9":"product_cat-comic-en","10":"product_tag-friendship","11":"product_tag-humor-en","13":"first","14":"instock","15":"taxable","16":"shipping-taxable","17":"product-type-simple"},"acf":[],"_links":{"self":[{"href":"https:\/\/www.nubeocho.com\/en\/wp-json\/wp\/v2\/product\/17091","targetHints":{"allow":["GET"]}}],"collection":[{"href":"https:\/\/www.nubeocho.com\/en\/wp-json\/wp\/v2\/product"}],"about":[{"href":"https:\/\/www.nubeocho.com\/en\/wp-json\/wp\/v2\/types\/product"}],"wp:featuredmedia":[{"embeddable":true,"href":"https:\/\/www.nubeocho.com\/en\/wp-json\/wp\/v2\/media\/17081"}],"wp:attachment":[{"href":"https:\/\/www.nubeocho.com\/en\/wp-json\/wp\/v2\/media?parent=17091"}],"wp:term":[{"taxonomy":"product_brand","embeddable":true,"href":"https:\/\/www.nubeocho.com\/en\/wp-json\/wp\/v2\/product_brand?post=17091"},{"taxonomy":"product_cat","embeddable":true,"href":"https:\/\/www.nubeocho.com\/en\/wp-json\/wp\/v2\/product_cat?post=17091"},{"taxonomy":"product_tag","embeddable":true,"href":"https:\/\/www.nubeocho.com\/en\/wp-json\/wp\/v2\/product_tag?post=17091"}],"curies":[{"name":"wp","href":"https:\/\/api.w.org\/{rel}","templated":true}]}}